{"id":6071,"date":"2025-12-05T12:31:59","date_gmt":"2025-12-05T12:31:59","guid":{"rendered":"https:\/\/www.jakexmusic.com\/?page_id=6071"},"modified":"2026-01-29T13:08:52","modified_gmt":"2026-01-29T13:08:52","slug":"home-2","status":"publish","type":"page","link":"https:\/\/www.jakexmusic.com\/es\/","title":{"rendered":"Home"},"content":{"rendered":"<\/p>\n<h2 style=\"\"><\/h2>\n<h2 style=\"\">COMPOSITOR, PRODUCTOR, Estratega de marca,<\/h2>\n<h2 style=\"\">DIRECTOR ART\u00cdSTICO TELEVISIVO, EMPRESARIO<\/h2>\n<\/p>\n<h3 style=\"\">PRODUCCI\u00d3N MUSICAL Y<\/h3>\n<h3 style=\"\"><span style=\"--tcb-applied-color: rgb(48, 145, 226) !important; color: rgb(48, 145, 226) !important;\">GRABACI\u00d3N&nbsp;<\/span><\/h3>\n<p style=\"\">SONGWRITING, COMPOSICI\u00d3N, PRODUCCI\u00d3N COMPLETA &amp; ESTUDIO DE GRABACI\u00d3N<\/p>\n<p><a href=\"https:\/\/www.instagram.com\/87jakex\/\" target=\"_blank\" rel=\"nofollow\" data-dynamic-link=\"thrive_global_fields_url\" data-shortcode-id=\"ig\" data-id=\"icon-instagram\"><span>                     <\/span><\/a><a href=\"https:\/\/www.linkedin.com\/in\/jakex\/\" target=\"_blank\" rel=\"nofollow\" data-dynamic-link=\"thrive_global_fields_url\" data-shortcode-id=\"in\" data-id=\"icon-linkedin\"><span>                     <\/span><\/a><\/p>\n<p><span><img loading=\"lazy\" decoding=\"async\" alt=\"\" data-id=\"644\" width=\"31\" data-init-width=\"31\" height=\"65\" data-init-height=\"65\" title=\"laurel 1 1\" loading=\"lazy\" src=\"\/\/www.jakexmusic.com\/wp-content\/uploads\/tcb_content_templates\/images\/laurel-1-1.png\" data-width=\"31\" data-height=\"65\" style=\"aspect-ratio: auto 31 \/ 65;\"><\/span><\/p>\n<p style=\"\">compositor<\/p>\n<p style=\"\">SKY TV<\/p>\n<p><span><img loading=\"lazy\" decoding=\"async\" alt=\"\" data-id=\"645\" width=\"31\" data-init-width=\"31\" height=\"65\" data-init-height=\"65\" title=\"laurel 2 1\" loading=\"lazy\" src=\"\/\/www.jakexmusic.com\/wp-content\/uploads\/tcb_content_templates\/images\/laurel-2-1.png\" data-width=\"31\" data-height=\"65\" style=\"aspect-ratio: auto 31 \/ 65;\"><\/span><span><img loading=\"lazy\" decoding=\"async\" alt=\"\" data-id=\"644\" width=\"31\" data-init-width=\"31\" height=\"65\" data-init-height=\"65\" title=\"laurel 1 1\" loading=\"lazy\" src=\"\/\/www.jakexmusic.com\/wp-content\/uploads\/tcb_content_templates\/images\/laurel-1-1.png\" data-width=\"31\" data-height=\"65\" style=\"aspect-ratio: auto 31 \/ 65;\"><\/span><\/p>\n<p style=\"\">compositor<\/p>\n<p style=\"\">Chroma (USA)<\/p>\n<p><span><img loading=\"lazy\" decoding=\"async\" alt=\"\" data-id=\"645\" width=\"31\" data-init-width=\"31\" height=\"65\" data-init-height=\"65\" title=\"laurel 2 1\" loading=\"lazy\" src=\"\/\/www.jakexmusic.com\/wp-content\/uploads\/tcb_content_templates\/images\/laurel-2-1.png\" data-width=\"31\" data-height=\"65\" style=\"aspect-ratio: auto 31 \/ 65;\"><\/span><\/p>\n<h3 style=\"text-align: center;\">Ejemplos de&nbsp;<span style=\"--tcb-applied-color: rgb(48, 145, 226) !important; color: rgb(48, 145, 226) !important;\">Trabajos<\/span><\/h3>\n<p style=\"text-align: center;\"><span style=\"\">ALGUNOS EJEMPLOS REALIZADOS PARA SHOW CIRCENCES, COMERCIALES Y SHOWS TELEVISIVOS<\/span><\/p>\n<h2 style=\"\"><span style=\"--tcb-applied-color: rgb(255, 255, 255) !important; color: rgb(255, 255, 255) !important;\">CENTRO<\/span>&nbsp; &nbsp; &nbsp; <span style=\"--tcb-applied-color: rgb(48, 145, 226) !important; color: rgb(48, 145, 226) !important;\">MEDIA<\/span><\/h2>\n<p style=\"\">\n<p style=\"\">\n<p style=\"\">\n<p style=\"text-align: center;\">\n<p style=\"text-align: center;\">\n<p style=\"text-align: center;\">A trav\u00e9s de mi Centro Media, estoy directamente involucrado en Producciones Televisivas, Branded Content y Product Placement, Eventos Musicales y Deportivos, Radios y Prensa, Patrocinios y Colaboraciones Estrat\u00e9gicas, circuitos OOH y DOOH.&nbsp;<\/p>\n<h3 style=\"text-align: center;\">\u00bfREALMENTE TIENES <span style=\"--tcb-applied-color: rgb(48, 145, 226) !important; color: rgb(48, 145, 226) !important;\">UNA MARCA?<\/span><\/h3>\n<p style=\"text-align: center;\"><span>DEFINE, CREA TU MARCA Y DESARROLLA UNA FUERTE ESTRATEGIA DE COMUNICACI\u00d3N<\/span><\/p>\n<h3 style=\"text-align: center;\"><span style=\"--tcb-applied-color: rgb(0, 0, 0) !important; color: rgb(0, 0, 0) !important;\">THE AWARE<\/span><span style=\"--tcb-applied-color: rgb(21, 162, 136) !important; color: rgb(21, 162, 136) !important;\">ARTIST<\/span><\/h3>\n<p style=\"text-align: center;\">MI P\u00c1GINA SUBSTACK. LEE, CRECE Y NUTRE TU YO ART\u00cdSTICO<\/p>\n<p><!-- Feed embed code --><!-- Supascribe Script -->[tcb-script src=\u00bbhttps:\/\/js.supascribe.com\/v1\/loader\/YAnsfcGjPYavxeLIekbcWnYx2ho2.js\u00bb async=\u00bb\u00bb][\/tcb-script]<\/p>\n<h3 style=\"text-align: center;\">GALER\u00cdA<\/h3>\n<p><span><img loading=\"lazy\" decoding=\"async\" alt=\"With Sabaton\" data-id=\"3305\" width=\"359\" data-init-width=\"1600\" height=\"269\" data-init-height=\"1200\" title=\"With Sabaton\" loading=\"lazy\" src=\"\/\/www.jakexmusic.com\/wp-content\/uploads\/2021\/09\/15440539_10154919740798474_5131032796545470358_o-1.jpeg\" data-width=\"359\" data-height=\"269\" style=\"aspect-ratio: auto 1600 \/ 1200;\"><\/span><span><img loading=\"lazy\" decoding=\"async\" alt=\"With Jennifer Batten\" data-id=\"4374\" width=\"359\" data-init-width=\"1170\" height=\"233\" data-init-height=\"760\" title=\"With Jennifer Batten\" loading=\"lazy\" src=\"\/\/www.jakexmusic.com\/wp-content\/uploads\/2024\/04\/IMG_B64C78300ACA-1.jpeg\" data-width=\"359\" data-height=\"233\" style=\"aspect-ratio: auto 1170 \/ 760;\"><\/span><span style=\"\"><img loading=\"lazy\" decoding=\"async\" alt=\"\" data-id=\"3291\" width=\"359\" data-init-width=\"800\" height=\"556\" data-init-height=\"1238\" title=\"22548932_10155896287008474_7429950842294700218_o\" loading=\"lazy\" src=\"\/\/www.jakexmusic.com\/wp-content\/uploads\/2021\/09\/22548932_10155896287008474_7429950842294700218_o.jpeg\" data-width=\"359\" data-height=\"556\" style=\"aspect-ratio: auto 800 \/ 1238;\" mt-d=\"-1\" ml-d=\"0\" center-v-d=\"false\"><\/span><span><img loading=\"lazy\" decoding=\"async\" alt=\"MJE in London\" data-id=\"4242\" width=\"263\" data-init-width=\"1170\" height=\"325\" data-init-height=\"1447\" title=\"MJE in London\" loading=\"lazy\" src=\"\/\/www.jakexmusic.com\/wp-content\/uploads\/2023\/10\/Visualizza-foto-recenti-2.jpeg\" data-width=\"263\" data-height=\"325\" style=\"aspect-ratio: auto 1170 \/ 1447;\"><\/span><span style=\"\"><img loading=\"lazy\" decoding=\"async\" alt=\"\" data-id=\"4245\" width=\"263\" data-init-width=\"1170\" height=\"389\" data-init-height=\"1731\" title=\"IMG_280B96EC5D47-1\" loading=\"lazy\" src=\"\/\/www.jakexmusic.com\/wp-content\/uploads\/2023\/10\/IMG_280B96EC5D47-1.jpeg\" data-width=\"263\" data-height=\"389\" style=\"aspect-ratio: auto 1170 \/ 1731;\" ml-d=\"0\" mt-d=\"-3.906000000000006\"><\/span><span style=\"\"><img loading=\"lazy\" decoding=\"async\" alt=\"\" data-id=\"3277\" width=\"663\" data-init-width=\"1080\" height=\"829\" data-init-height=\"1350\" title=\"19693469_10155578069778474_500691197796776853_o\" loading=\"lazy\" src=\"\/\/www.jakexmusic.com\/wp-content\/uploads\/2021\/09\/19693469_10155578069778474_500691197796776853_o.jpeg\" data-width=\"663\" data-height=\"829\" style=\"aspect-ratio: auto 1080 \/ 1350;\" ml-d=\"-58\" mt-d=\"0\" center-h-d=\"false\"><\/span><span><img loading=\"lazy\" decoding=\"async\" alt=\"\" data-id=\"3293\" width=\"410\" data-init-width=\"1080\" height=\"273\" data-init-height=\"720\" title=\"67348092_10157554565808474_8125132960643940352_n\" loading=\"lazy\" src=\"\/\/www.jakexmusic.com\/wp-content\/uploads\/2021\/09\/67348092_10157554565808474_8125132960643940352_n.jpeg\" data-width=\"410\" data-height=\"273\" style=\"aspect-ratio: auto 1080 \/ 720;\"><\/span><span><img loading=\"lazy\" decoding=\"async\" alt=\"\" data-id=\"2947\" width=\"410\" data-init-width=\"2560\" height=\"274\" data-init-height=\"1709\" title=\"20180822GiacomoCordioli188\" loading=\"lazy\" src=\"\/\/www.jakexmusic.com\/wp-content\/uploads\/2020\/02\/20180822GiacomoCordioli188-scaled.jpg\" data-width=\"410\" data-height=\"274\" style=\"aspect-ratio: auto 2560 \/ 1709;\"><\/span><span style=\"\"><img loading=\"lazy\" decoding=\"async\" alt=\"\" data-id=\"3307\" width=\"488\" data-init-width=\"1334\" height=\"274\" data-init-height=\"750\" title=\"15626388_10154919740158474_5733514230671111794_o\" loading=\"lazy\" src=\"\/\/www.jakexmusic.com\/wp-content\/uploads\/2021\/09\/15626388_10154919740158474_5733514230671111794_o-1.jpeg\" data-width=\"488\" data-height=\"274\" style=\"aspect-ratio: auto 1334 \/ 750;\" ml-d=\"-43\" mt-d=\"0\" center-h-d=\"false\"><\/span><a href=\"https:\/\/www.instagram.com\/87jakex\/\" target=\"_blank\" rel=\"nofollow\" data-dynamic-link=\"thrive_global_fields_url\" data-shortcode-id=\"ig\" data-id=\"icon-instagram\"><span> <\/span><\/a><a href=\"https:\/\/www.linkedin.com\/in\/jakex\/\" target=\"_blank\" rel=\"nofollow\" data-dynamic-link=\"thrive_global_fields_url\" data-shortcode-id=\"in\" data-id=\"icon-linkedin\"><span> <\/span><\/a><\/p>\n<h3 style=\"text-align: center;\">PARTNERS&nbsp;<span style=\"--tcb-applied-color: rgb(48, 145, 226) !important; color: rgb(48, 145, 226) !important;\">DESTACADOS<\/span><\/h3>\n<p><span><a href=\"https:\/\/synth-society-music-label.com\/\" target=\"_blank\"><img loading=\"lazy\" decoding=\"async\" alt=\"Synth Society\" data-id=\"4347\" width=\"780\" data-init-width=\"2560\" height=\"439\" data-init-height=\"1440\" title=\"Synth Society\" loading=\"lazy\" src=\"\/\/www.jakexmusic.com\/wp-content\/uploads\/2024\/04\/Synth-Society-Banner-1.jpeg\" data-width=\"780\" data-height=\"439\" style=\"aspect-ratio: auto 2560 \/ 1440;\" data-link-wrap=\"true\"><\/a><\/span><span><a href=\"https:\/\/sync-collective.org\/\" target=\"_blank\"><img loading=\"lazy\" decoding=\"async\" alt=\"Sync Collective logo\" data-id=\"5595\" width=\"780\" data-init-width=\"998\" height=\"213\" data-init-height=\"273\" title=\"Sync Collective logo\" loading=\"lazy\" src=\"\/\/www.jakexmusic.com\/wp-content\/uploads\/2025\/02\/Sync-Collective-logo.png\" data-width=\"780\" data-height=\"213\" style=\"aspect-ratio: auto 998 \/ 273;\" data-link-wrap=\"true\"><\/a><\/span><\/p>\n<h3 style=\"text-align: center;\">CONTACTO<\/h3>\n<p style=\"text-align: center;\">\u00bfQU\u00c9 PUEDO HACER POR TI?<\/p>\n<ul>\n<li>Please enter your name<\/li>\n<li>Please enter a correct email address<\/li>\n<li><\/li>\n<li>Please enter a message<\/li>\n<li><span>Incorrect reCaptcha. Please enter reCaptcha challenge.<\/span><\/li>\n<li>Cannot send mail, an error occurred while delivering this message. Please try again later.<\/li>\n<li>Your message was sent successfully. Thanks!<\/li>\n<li><\/li>\n<\/ul>\n<h3 style=\"text-align: center;\">SUSCR\u00cdBETE A MI NEWSLETTER<\/h3>\n<p><span style=\"\"><img loading=\"lazy\" decoding=\"async\" alt=\"Sanar el mundo\" data-id=\"5245\" width=\"910\" data-init-width=\"1920\" height=\"512\" data-init-height=\"1080\" title=\"Sanar el mundo\" loading=\"lazy\" src=\"\/\/www.jakexmusic.com\/wp-content\/uploads\/2024\/08\/2.jpg\" data-width=\"910\" data-height=\"512\" style=\"aspect-ratio: auto 1920 \/ 1080;\" mt-d=\"0\" ml-d=\"-13\"><\/span><\/p>\n","protected":false},"excerpt":{"rendered":"<p>COMPOSITOR, PRODUCTOR, Estratega de marca, DIRECTOR ART\u00cdSTICO TELEVISIVO, EMPRESARIO PRODUCCI\u00d3N MUSICAL Y GRABACI\u00d3N&nbsp; SONGWRITING, COMPOSICI\u00d3N, PRODUCCI\u00d3N COMPLETA &amp; ESTUDIO DE GRABACI\u00d3N compositor SKY TV compositor Chroma (USA) Ejemplos de&nbsp;Trabajos ALGUNOS EJEMPLOS REALIZADOS PARA SHOW CIRCENCES, COMERCIALES Y SHOWS TELEVISIVOS CENTRO&nbsp;&#8230;<\/p>\n","protected":false},"author":1,"featured_media":0,"parent":0,"menu_order":0,"comment_status":"closed","ping_status":"closed","template":"page-templates\/template-elementor.php","meta":{"footnotes":""},"class_list":["post-6071","page","type-page","status-publish","hentry"],"yoast_head":"<!-- This site is optimized with the Yoast SEO plugin v27.5 - https:\/\/yoast.com\/product\/yoast-seo-wordpress\/ -->\n<title>Home - JaKe X<\/title>\n<meta name=\"robots\" content=\"index, follow, max-snippet:-1, max-image-preview:large, max-video-preview:-1\" \/>\n<link rel=\"canonical\" href=\"https:\/\/www.jakexmusic.com\/es\/\" \/>\n<script type=\"application\/ld+json\" class=\"yoast-schema-graph\">{\"@context\":\"https:\\\/\\\/schema.org\",\"@graph\":[]}<\/script>\n<!-- \/ Yoast SEO plugin. -->","yoast_head_json":{"title":"Home - JaKe X","robots":{"index":"index","follow":"follow","max-snippet":"max-snippet:-1","max-image-preview":"max-image-preview:large","max-video-preview":"max-video-preview:-1"},"canonical":"https:\/\/www.jakexmusic.com\/es\/","schema":{"@context":"https:\/\/schema.org","@graph":[]}},"_links":{"self":[{"href":"https:\/\/www.jakexmusic.com\/es\/wp-json\/wp\/v2\/pages\/6071","targetHints":{"allow":["GET"]}}],"collection":[{"href":"https:\/\/www.jakexmusic.com\/es\/wp-json\/wp\/v2\/pages"}],"about":[{"href":"https:\/\/www.jakexmusic.com\/es\/wp-json\/wp\/v2\/types\/page"}],"author":[{"embeddable":true,"href":"https:\/\/www.jakexmusic.com\/es\/wp-json\/wp\/v2\/users\/1"}],"replies":[{"embeddable":true,"href":"https:\/\/www.jakexmusic.com\/es\/wp-json\/wp\/v2\/comments?post=6071"}],"version-history":[{"count":95,"href":"https:\/\/www.jakexmusic.com\/es\/wp-json\/wp\/v2\/pages\/6071\/revisions"}],"predecessor-version":[{"id":6455,"href":"https:\/\/www.jakexmusic.com\/es\/wp-json\/wp\/v2\/pages\/6071\/revisions\/6455"}],"wp:attachment":[{"href":"https:\/\/www.jakexmusic.com\/es\/wp-json\/wp\/v2\/media?parent=6071"}],"curies":[{"name":"wp","href":"https:\/\/api.w.org\/{rel}","templated":true}]}}