{"id":4873,"date":"2024-06-11T12:48:28","date_gmt":"2024-06-11T12:48:28","guid":{"rendered":"https:\/\/www.jakexmusic.com\/?page_id=4873"},"modified":"2025-03-10T19:54:58","modified_gmt":"2025-03-10T19:54:58","slug":"artista-consciente","status":"publish","type":"page","link":"https:\/\/www.jakexmusic.com\/es\/artista-consciente\/","title":{"rendered":"El Artista Consciente"},"content":{"rendered":"<\/p>\n<h1 style=\"\">artista consciente<\/h1>\n<p style=\"\">El programa individual \u00fanico y revolucionario personalizado para encontrar y explotar tu verdadero potencial art\u00edstico.<\/p>\n<h2 style=\"text-align: center;\"><\/h2>\n<h2 style=\"text-align: center;\">\u00bfQU\u00c9 ES ARTISTA CONSCIENTE?<\/h2>\n<p style=\"text-align: justify;\">Artista Consciente es una inovadora mentor\u00eda musical que junta una serie de contenido de alt\u00edsimo valor que no est\u00e1 disponible en otras formaciones. A trav\u00e9s de un proceso totalmente personalizado de 6 semanas, trabajaremos aspectos econ\u00f3micos, psicol\u00f3gicos, energ\u00e9ticos, empresariales, marketing y pr\u00e1cticos imprescindibles que van a representar los s\u00f3lidos fundamentos sobre los cuales construir tu carrera art\u00edstica. &nbsp;&nbsp;<\/p>\n<p style=\"text-align: justify;\">Cuando escuch\u00e9 por primera vez cual es el porcentaje de artistas musicales que abandonan la m\u00fasica dentro de 5, m\u00e1ximo 10 a\u00f1os desde que iniciaran, qued\u00e9 totalmente impactado. No pod\u00eda creerlo. Amo la m\u00fasica, empec\u00e9 a mis 8 a\u00f1os y le dediqu\u00e9 absolutamente todo mi tiempo, energ\u00eda e dinero. Se por cierto que hay much\u00edsimas personas que, al igual que yo, aman la m\u00fasica y quieren tener una vida repleta de ella. Por eso me preguntaba: si es as\u00ed, \u00bfpor qu\u00e9 alguien dejar\u00eda algo que te hace tan feliz? Trabajando durante a\u00f1os con cientos de artistas, la respuesta fue m\u00e1s que clara: el abandono no es nada m\u00e1s que amor decepcionado, odio y frustraci\u00f3n generados por lo mucho que esperabas de ella, tanto que te sentiste tan traicionadx que tuviste que alejarte.&nbsp;<\/p>\n<p style=\"text-align: justify;\">Esto me toca particularmente de cerca, porque pas\u00f3 dentro de mi familia. Ser\u00e1 por eso, entre &nbsp;varias otras razones, que decid\u00ed hacer todo lo posible para difundir una sana cultura art\u00edstica, una relaci\u00f3n saludable con la m\u00fasica y el arte en general y con un objetivo bien marcado en mi mente: evitar que se creen las condiciones para que las personas dejen de hacer m\u00fasica. Esta es mi misi\u00f3n, es parte de mi para que.&nbsp;<\/p>\n<p style=\"text-align: justify;\">Asesorando todxs lxs artistas que encontr\u00e9 en mi vida, detect\u00e9 que hay dos \u00e1mbitos principales que disponen los cimientos del \u00e9xito o del fracaso: conocimiento de la VERDAD y la adquisici\u00f3n\/capacitaci\u00f3n de habilidades y actitudes que no te ense\u00f1an en las escuelas de m\u00fasica. Cuando digo conocimiento de la verdad se refiere al hecho que no puede haber \u00e9xito donde se desconozca como funciona su negocio, din\u00e1micas y los aspectos pr\u00e1cticos. \u00a1Y esto es precisamente lo que pasa! Si te adentras en algo que no conoces, el fracaso a largo plazo es una certeza. El otro aspecto que determina quien se queda y quien se va, es tu mente y energ\u00eda. Tu mentalidad y tu vibraci\u00f3n har\u00e1n toda la diferencia para mantenerte firme en este maravilloso marat\u00f3n llamado vida art\u00edstica. Las formaciones musicales tradicionales normalmente te ense\u00f1an como tocar un instrumento, como se estructura el negocio musical (y a\u00fan as\u00ed, siempre hablando de la teor\u00eda y no de lo que pasa realmente ah\u00ed afuera&#8230;) pero ninguna trabaja la persona y el alma que habitan el artista. Nadie te pregunta quien eres, cuales son tus creencias limitantes, que fue lo que en tu pasado\/familia\/entorno te fren\u00f3 o hizo creer que no sirves para esto etc.&nbsp;<\/p>\n<p style=\"text-align: justify;\">Me di cuenta que la vida del artista es dif\u00edcil pero sobre todo porque se basa sobre un mont\u00f3n de idealizaciones y condicionamientos que tienen muy poco que ver con el arte y la creatividad y todo que ver con estereotipos da\u00f1inos. El ser humano puede lidiar casi con todo, a pacto que sepa de que se est\u00e9 hablando y pueda capacitarse en consecuencia.&nbsp;<\/p>\n<p style=\"text-align: justify;\">Artista Consciente es esto. Un gimnasio para tu mente, energ\u00eda y conocimiento musical con un \u00fanico fin: que jam\u00e1s se te ocurra dejar la m\u00fasica por frustraci\u00f3n, decepci\u00f3n o amor fallado. La creatividad, el arte, la transcendencia que nos permite la m\u00fasica son dones divinos que nos sanan y expanden todo el tiempo. Los artistas musicales tendemos a pasar por alto el incre\u00edble poder que tenemos para sanarnos a trav\u00e9s de nuestra propia m\u00fasica, desde que estamos demasiado ocupadxs en hacerla para mendigar la atenci\u00f3n de las personas, para tratar de complacer alguien en la industria que nos \u00abelija\u00bb para desarrollar nuestra carrera. Esta es la receta y garantizada receta para la eterna insatisfacci\u00f3n, la cual llevar\u00eda inexorablemente a apagar nuestro amor hacia la m\u00fasica.&nbsp;<\/p>\n<p style=\"text-align: justify;\">Continuando a sanarnos antes y sobre todo a nosotrxs, nos volveveremos a conectar con nuestro yo aut\u00e9ntico, quienes somos de verdad. Encontrar y reconectar con nuestra autenticidad atraer\u00e1 e inspirar\u00e1 a otrxs, mostr\u00e1ndoles que sanarse es real y posible. Adem\u00e1s que, san\u00e1ndonos a nosotrxs mismxos, ayudaremos el proceso de sanaci\u00f3n de los dem\u00e1s.&nbsp;<\/p>\n<p style=\"text-align: justify;\">As\u00ed es como vamos a sanar este mundo.&nbsp;<\/p>\n<h2 style=\"text-align: center;\"><\/h2>\n<h2 style=\"text-align: center;\">M\u00d3DULOS<\/h2>\n<h4 style=\"text-align: center;\">1. <span style=\"\">\u00bfQu\u00e9 es lo que un\/una artista VERDADERAMENTE vende hoy en d\u00eda?<\/span><\/h4>\n<h4 style=\"text-align: center;\">2. El Para Qu\u00e9 y la Visi\u00f3n: como encontrar y desarrollar los tuyos<\/h4>\n<h4 style=\"text-align: center;\">3. C\u00f3mo mantener enfoque, motivaci\u00f3n y autodisciplina<\/h4>\n<h4 style=\"text-align: center;\">4. Monetizaci\u00f3n: la consecuencia de tu Marca<\/h4>\n<h4 style=\"text-align: center;\">5. El Negocio Musical de las Realidades Multiples<\/h4>\n<h4 style=\"text-align: center;\">6. Creatividad y Dise\u00f1o de Marca: taller pr\u00e1ctico<\/h4>\n<h2 style=\"\">APRENDER\u00c1S como<\/h2>\n<h6 style=\"\">Conocer lo que te rodea<\/h6>\n<p style=\"\">Olvida lo que crees saber sobre el negocio musical y aprende lo que realmente es. Conocer y ubicarte en el presente es la \u00fanica forma de asegurar tu futuro.&nbsp;<\/p>\n<h6 style=\"\">Mantenerte disciplinadx, enfocadx, motivadx y creativx<\/h6>\n<p style=\"\">Completamente descuidados en nuestro camino educativo, estos aspectos son vitales para vivir la vida del artista. Descubre como alimentarlos y potenciarlos.&nbsp;<\/p>\n<h6 style=\"\">Librar tu mente<\/h6>\n<p style=\"\">Se dice demasiado sobre qui\u00e9n deber\u00edas ser y lo que deber\u00edas hacer, art\u00edsticamente hablando; estas respuestas solo las puedes encontrar dentro de ti. El mundo necesita TU arte, no tu copia de la de alguien m\u00e1s.<\/p>\n<h6 style=\"\">Encontrar &nbsp;tu para qu\u00e9 y tus valores \u00fanicos<\/h6>\n<p style=\"\">Con la tecnolog\u00eda moderna y futura, cualquiera puede hace runa canci\u00f3n. A\u00fan as\u00ed, siempre menos pueden hacer arte. Tu \u00e9xito no ser\u00e1 determinado por el n\u00famero de reproducciones que generas, sino por el impacto que t\u00fa y tus valores tendr\u00e1n en las personas.&nbsp;<\/p>\n<p><span style=\"\">Customers served!<\/span><span data-anim=\"ticker\" data-refresh-interval=\"10\" data-from=\"5\" data-formatted-from=\"5\" data-to=\"100\" data-final-number=\"100\" data-decimals=\"0\" data-thousand-divider=\",\" data-decimal-character=\".\" data-speed=\"2507\" style=\"\"><span style=\"display: inline;\"><\/span><span style=\"\">5<\/span><span style=\"\">+<\/span><\/span><span style=\"\">ARTISTAS Y ESTUDIANTES<\/span><span style=\"\">Customers served!<\/span><span data-anim=\"ticker\" data-refresh-interval=\"10\" data-from=\"5\" data-formatted-from=\"5\" data-to=\"50\" data-final-number=\"50\" data-decimals=\"0\" data-thousand-divider=\",\" data-decimal-character=\".\" data-speed=\"2507\" style=\"\"><span style=\"display: inline;\">+<\/span><span style=\"\">5<\/span><span style=\"\">%<\/span><\/span><span style=\"\">VOLVIERON PARA MEJORAR HABILIDADES ESPEC\u00cdFICAS<\/span><span style=\"\">Customers served!<\/span><span data-anim=\"ticker\" data-refresh-interval=\"10\" data-from=\"5\" data-formatted-from=\"5\" data-to=\"100\" data-final-number=\"100\" data-decimals=\"0\" data-thousand-divider=\",\" data-decimal-character=\".\" data-speed=\"2507\" style=\"\"><span style=\"display: inline;\"><\/span><span style=\"\">5<\/span><span style=\"\">%<\/span><\/span><span style=\"\">PERSONALIZADO EN TUS OBJETIVOS<\/span><a href=\"#\"><span style=\"\"><span style=\"\">Instance 1<\/span><\/span><\/a><\/p>\n<h5 style=\"text-align: center;\">DESCARGA EL PROGRAMA<\/h5>\n<ul>\n<li style=\"\"><span style=\"\">18 horas de mentor\u00eda personalizada<\/span><\/li>\n<li style=\"\"><span style=\"\">Tips y ejercicios para mejorar pr\u00e1cticamente tu creatividad, disciplina y enfoque<\/span><\/li>\n<li style=\"\"><span style=\"\">Taller pr\u00e1ctico para definir y dise\u00f1ar tu propia marca<\/span><\/li>\n<li style=\"\"><span style=\"\">En linea o presencial (Barcelona, Espa\u00f1a)<\/span><\/li>\n<li style=\"\"><span style=\"\">Mentor\u00eda disponible en Espa\u00f1ol, Ingl\u00e9s e Italiano<\/span><\/li>\n<\/ul>\n<h2 style=\"text-align: center;\"><strong>TESTIMONIOS<\/strong><\/h2>\n<p style=\"\">\u201c<\/p>\n<p style=\"text-align: center;\">Al reflexionar sobre mi experiencia con Jake y el Artista Consciente, me siento obligada a compartir c\u00f3mo este programa realmente ha cambiado mi vida de una manera que nunca cre\u00ed posible.Jake no es s\u00f3lo un maestro, sino un gu\u00eda visionario que vio mi potencial que incluso estaba oculto para m\u00ed. Me di cuenta de lo importante que es tener una persona de confianza a tu lado apoyando y animando tu alma y vibraci\u00f3n. Una vez hecho esto, me sent\u00ed segura para correr riesgos, cometer errores y, en \u00faltima instancia, crecer como artista.El Artista Consciente ha sido una experiencia transformadora que no solo ha mejorado mis habilidades art\u00edsticas sino que tambi\u00e9n me ha convertido en una persona m\u00e1s resiliente, libre e inspirada. Recomiendo de todo coraz\u00f3n este programa a cualquier artista que busque orientaci\u00f3n, tutor\u00eda y su verdadero lugar en la m\u00fasica.<\/p>\n<p style=\"text-align: center;\">Ketty<\/p>\n<p style=\"text-align: center;\">&nbsp; &nbsp; &nbsp; &nbsp; &nbsp; &nbsp; &nbsp; &nbsp; &nbsp; &nbsp; &nbsp; &nbsp; &nbsp; &nbsp; &nbsp; &nbsp; &nbsp; &nbsp; &nbsp; &nbsp; &nbsp; &nbsp;CANTANTE Y AUTORA<\/p>\n<p><span style=\"\"><img loading=\"lazy\" decoding=\"async\" alt=\"Ketty Testimonial\" data-id=\"4985\" width=\"686\" data-init-width=\"1170\" height=\"848\" data-init-height=\"1447\" title=\"Ketty Testimonial\" src=\"\/\/www.jakexmusic.com\/wp-content\/uploads\/2024\/06\/IMG_C38D3DE5B399-1.jpeg\" data-width=\"686\" data-height=\"848\" style=\"aspect-ratio: auto 1170 \/ 1447;\" mt-d=\"-16.974000000000046\" ml-d=\"0\" loading=\"lazy\"><\/span><\/p>\n<h2 style=\"text-align: center;\"><\/h2>\n<h2 style=\"text-align: center;\"><strong>TESTIMONIOS<\/strong><\/h2>\n<p style=\"font-size: var(--tve-font-size, 14px);\">Tuve la suerte de frecuentar el curso de canto de Jake, un maestro excepcional. Durante unos dos a\u00f1os de clases, pude experimentar los contenidos del programa Artista Consciente y observar el impacto profundo que tuvo en mi. Adem\u00e1s de mejorar mis t\u00e9cnicas, su trabajo impuls\u00f3 radicalmente mi desarrollo mental y psico-actitudinal. Jake me ayud\u00f3 a gestionar emociones y creatividad, gui\u00e1ndome m\u00e1s all\u00e1 de mis limitaciones. Gracias a \u00e9l desarroll\u00e9 una mejor consciencia en mi vida, enter\u00e1ndome de nuevas profundidades de mi ser. Su dedicaci\u00f3n y competencia transformaron completamente mi camino art\u00edstico, haci\u00e9ndome una persona m\u00e1s equilibrada y consciente. Recomiendo fuertemente Jake a cualquiera est\u00e9 buscando un mentor incre\u00edble.<\/p>\n<p><span><img loading=\"lazy\" decoding=\"async\" alt=\"Max Testimonial\" data-id=\"4915\" width=\"70\" data-init-width=\"1170\" height=\"69\" data-init-height=\"1158\" title=\"Max\" loading=\"lazy\" src=\"\/\/www.jakexmusic.com\/wp-content\/uploads\/2024\/06\/Max.jpeg\" data-width=\"70\" data-height=\"69\" style=\"aspect-ratio: auto 1170 \/ 1158;\"><\/span><\/p>\n<p style=\"\">Massimo<\/p>\n<p style=\"\">CANTANTE<\/p>\n<p style=\"font-size: var(--tve-font-size, 14px);\">Siempre sent\u00ed que lo m\u00e1s dif\u00edcil era saber qu\u00e9 hacer en el negocio de la m\u00fasica, d\u00f3nde encontrar informaci\u00f3n verdadera y \u00fatil y c\u00f3mo evitar ser estafado.A trav\u00e9s de Jake, me di cuenta de lo importante que es el valor de la informaci\u00f3n, de c\u00f3mo el conocimiento correcto y las \u00abverdades que nadie te cuenta\u00bb son en realidad oro y te ahorrar\u00e1n mucho dinero, esfuerzos y frustraciones.El Artista Consciente me proporcion\u00f3 un conjunto de informaci\u00f3n, mentalidades y herramientas inestimables para construir mi perspectiva, deshacerme de muchas falsas creencias sobre la industria musical y finalmente seguir mi carrera a toda velocidad.<\/p>\n<p><span><img loading=\"lazy\" decoding=\"async\" alt=\"\" data-id=\"55786\" width=\"70\" data-init-width=\"200\" height=\"69\" data-init-height=\"200\" title=\"smart_lead_gen1_testimonial_6a\" loading=\"lazy\" src=\"\/\/www.jakexmusic.com\/wp-content\/uploads\/tcb_content_templates\/testimonial\/images\/smart_lead_gen1_testimonial_6a.jpg\" data-width=\"70\" data-height=\"69\" style=\"aspect-ratio: auto 200 \/ 200;\"><\/span><\/p>\n<p style=\"\">Sara<\/p>\n<p style=\"\">CANTANTE<\/p>\n<p style=\"font-size: var(--tve-font-size, 14px);\">Para describir a Jake har\u00eda falta un libro. Empezar a trabajar con \u00e9l fue la mejor elecci\u00f3n de mi vida; no solamente encontr\u00e9 un maestro extremadamente preparado, sino una gu\u00eda en el sentido m\u00e1s amplio de la palabra, un mentor con el cual confrontarme, desahogarme, compartir mis problem\u00e1ticas a un nivel m\u00e1s profundo y libre. Cada semana, no ve\u00eda la hora de que llegara nuestro encuentro, porque de ah\u00ed sacaba inspiraci\u00f3n, energ\u00eda, motivaci\u00f3n y un impulso para los d\u00edas a venir. A\u00fan despu\u00e9s de dos a\u00f1os, sigo poniendo en pr\u00e1ctica las cosas que pude aprender trabajando con \u00e9l, mejorando mi relaci\u00f3n con la m\u00fasica, con el arte y con mi interioridad creativa.&nbsp;<\/p>\n<p><span><img loading=\"lazy\" decoding=\"async\" alt=\"Francesco Testimonial\" data-id=\"4965\" width=\"70\" data-init-width=\"1170\" height=\"69\" data-init-height=\"1262\" title=\"Francesco Testimonial\" loading=\"lazy\" src=\"\/\/www.jakexmusic.com\/wp-content\/uploads\/2024\/06\/Screenshot-2024-06-13-14.50.01.jpeg\" data-width=\"70\" data-height=\"69\" style=\"aspect-ratio: auto 1170 \/ 1262;\"><\/span><\/p>\n<p style=\"\">Francesco<\/p>\n<p style=\"\">CANTANTE Y AUTOR<\/p>\n<h2 style=\"text-align: center;\"><\/h2>\n<h2 style=\"text-align: center;\"><strong>FAQ<\/strong><\/h2>\n<p style=\"text-align: center;\">\n<p style=\"text-align: center;\"><em><strong>Q: Como se desarrollan las 18 horas de la mentor\u00eda?<\/strong><\/em>A: La frecuencia ideal es de un modulo por semana, que acabar\u00e1 la mentor\u00eda en 6 semanas. El d\u00eda y la hora del modulo semanal ser\u00e1 escogido dependiendo de ambas nuestras agendas y disponibilidades. <em><strong>Q: Hablaste de informaci\u00f3n verdadera sobre la industria musical:\u00bfqu\u00e9 quieres decir?<\/strong><\/em>A: M\u00e1s del 60% (y estoy siendo optimista) de lo que te presentan y te dicen es mentira, especialmente en los niveles m\u00e1s altos. Jam\u00e1s podr\u00e1s tener una carrera art\u00edstica exitosa sin saber qu\u00e9 es verdad y qu\u00e9 no. La informaci\u00f3n y los conocimientos que voy a compartir contigo son los que recopil\u00e9 en m\u00e1s de 20 a\u00f1os, al hacer, ver y experimentar cosas por m\u00ed mismo y no por rumores. <em><strong>Q: Soy nuevx en la m\u00fasica: \u00bfesta mentor\u00eda sirve para mi?<\/strong><\/em>A: Definitivamente. Aunque te sugiero reservar la entrevista gratuita, esta mentor\u00eda es especialmente \u00fatil para aquellos que est\u00e1n dando sus primeros pasos en la m\u00fasica. Empezar con el pie derecho, mentalidad y actitud correctas te ahorrar\u00e1 mucho dinero, frustraciones y estafas.<\/p>\n<h2 style=\"text-align: center;\">AGENDA TU ENTREVISTA GRATUITA<\/h2>\n<p style=\"text-align: center;\">\u00bfNo est\u00e1s segurx si el programa es para ti? Resuelve cualquier duda escribi\u00e9ndome o agendando una entrevista GRATUITA para que me cuentes m\u00e1s sobre ti y tu objetivo.<\/p>\n","protected":false},"excerpt":{"rendered":"<p>artista consciente El programa individual \u00fanico y revolucionario personalizado para encontrar y explotar tu verdadero potencial art\u00edstico. \u00bfQU\u00c9 ES ARTISTA CONSCIENTE? Artista Consciente es una inovadora mentor\u00eda musical que junta una serie de contenido de alt\u00edsimo valor que no est\u00e1&#8230;<\/p>\n","protected":false},"author":1,"featured_media":0,"parent":0,"menu_order":0,"comment_status":"closed","ping_status":"closed","template":"","meta":{"footnotes":""},"class_list":["post-4873","page","type-page","status-publish","hentry"],"yoast_head":"<!-- This site is optimized with the Yoast SEO plugin v27.5 - https:\/\/yoast.com\/product\/yoast-seo-wordpress\/ -->\n<title>Mentor\u00eda inovadora musical Artista Consciente<\/title>\n<meta name=\"description\" content=\"Mentor\u00eda art\u00edstica \u00fanica e inovadora de JaKe X. Realiza tu carrera y aseg\u00farate un puesto en el presente y futuro de la industria musical.\" \/>\n<meta name=\"robots\" content=\"index, follow, max-snippet:-1, max-image-preview:large, max-video-preview:-1\" \/>\n<link rel=\"canonical\" href=\"https:\/\/www.jakexmusic.com\/es\/artista-consciente\/\" \/>\n<script type=\"application\/ld+json\" class=\"yoast-schema-graph\">{\"@context\":\"https:\\\/\\\/schema.org\",\"@graph\":[]}<\/script>\n<!-- \/ Yoast SEO plugin. -->","yoast_head_json":{"title":"Mentor\u00eda inovadora musical Artista Consciente","description":"Mentor\u00eda art\u00edstica \u00fanica e inovadora de JaKe X. Realiza tu carrera y aseg\u00farate un puesto en el presente y futuro de la industria musical.","robots":{"index":"index","follow":"follow","max-snippet":"max-snippet:-1","max-image-preview":"max-image-preview:large","max-video-preview":"max-video-preview:-1"},"canonical":"https:\/\/www.jakexmusic.com\/es\/artista-consciente\/","schema":{"@context":"https:\/\/schema.org","@graph":[]}},"_links":{"self":[{"href":"https:\/\/www.jakexmusic.com\/es\/wp-json\/wp\/v2\/pages\/4873","targetHints":{"allow":["GET"]}}],"collection":[{"href":"https:\/\/www.jakexmusic.com\/es\/wp-json\/wp\/v2\/pages"}],"about":[{"href":"https:\/\/www.jakexmusic.com\/es\/wp-json\/wp\/v2\/types\/page"}],"author":[{"embeddable":true,"href":"https:\/\/www.jakexmusic.com\/es\/wp-json\/wp\/v2\/users\/1"}],"replies":[{"embeddable":true,"href":"https:\/\/www.jakexmusic.com\/es\/wp-json\/wp\/v2\/comments?post=4873"}],"version-history":[{"count":61,"href":"https:\/\/www.jakexmusic.com\/es\/wp-json\/wp\/v2\/pages\/4873\/revisions"}],"predecessor-version":[{"id":5680,"href":"https:\/\/www.jakexmusic.com\/es\/wp-json\/wp\/v2\/pages\/4873\/revisions\/5680"}],"wp:attachment":[{"href":"https:\/\/www.jakexmusic.com\/es\/wp-json\/wp\/v2\/media?parent=4873"}],"curies":[{"name":"wp","href":"https:\/\/api.w.org\/{rel}","templated":true}]}}