{"id":4128,"date":"2023-08-19T11:06:42","date_gmt":"2023-08-19T11:06:42","guid":{"rendered":"https:\/\/www.jakexmusic.com\/?page_id=4128"},"modified":"2024-07-01T17:34:01","modified_gmt":"2024-07-01T17:34:01","slug":"tienda","status":"publish","type":"page","link":"https:\/\/www.jakexmusic.com\/es\/tienda\/","title":{"rendered":"Tienda"},"content":{"rendered":"<p><span><img loading=\"lazy\" decoding=\"async\" alt=\"\" data-id=\"3526\" width=\"1140\" data-init-width=\"2560\" height=\"761\" data-init-height=\"1709\" title=\"20180822GiacomoCordioli434\" loading=\"lazy\" src=\"\/\/www.jakexmusic.com\/wp-content\/uploads\/2020\/02\/20180822GiacomoCordioli434-scaled.jpg\" data-width=\"1140\" data-height=\"761\" style=\"aspect-ratio: auto 2560 \/ 1709;\"><\/span><\/p>\n<h4 style=\"text-align: center;\">Aqu\u00ed puedes encontrar todos los productos y promociones disponibles para impulsar tu carrera. Por cualquier duda o pregunta, estoy a disposici\u00f3n.&nbsp;<\/h4>\n<h2 style=\"text-align: center;\">El Arte de Escribir Letras &#8211; eBook<\/h2>\n<p><span style=\"\"><img loading=\"lazy\" decoding=\"async\" alt=\"\" data-id=\"4147\" width=\"277\" data-init-width=\"960\" height=\"433\" data-init-height=\"1500\" title=\"El Arte de Escribir Letras\" loading=\"lazy\" src=\"\/\/www.jakexmusic.com\/wp-content\/uploads\/2023\/08\/El-Arte-de-Escribir-Letras.jpeg\" data-width=\"277\" data-height=\"433\" style=\"aspect-ratio: auto 960 \/ 1500;\" ml-d=\"-5\" mt-d=\"0\" center-h-d=\"false\"><\/span><\/p>\n<p style=\"\">Escribir letras es de por s\u00ed un arte. Por la forma en la que las palabras se acomodan en nuestro o\u00eddo y psique, as\u00ed c\u00f3mo la forma en la que se disponen dentro de una canci\u00f3n, formando un conjunto de sonidos, ritmo y significado que tiene un poder inimaginable.<\/p>\n<p style=\"\">Como cualquier arte, es algo que se aprende, mejora y finalmente domina. Para autores y songwriter, este es el eBook que junta las t\u00e9cnicas, tips y herramientas principales que todos los songwriters m\u00e1s aclamados utilizan.&nbsp;<\/p>\n<p style=\"\">Ya ver\u00e1s como, ya despu\u00e9s de algunas p\u00e1ginas, se te abrir\u00e1 un mundo totalmente nuevo y tus letras cobraran una vida completamente nueva.&nbsp;<\/p>\n<p style=\"text-align: center;\"><strong>INVERSI\u00d3N: 9,99 \u20ac<\/strong><\/p>\n<p style=\"\">\n<h2 style=\"text-align: center;\">Fundamentos B\u00e1sicos de Mezcla y Master<\/h2>\n<p style=\"\">Mezclar una canci\u00f3n es un proceso extremadamente importante, lo cual hace mucho m\u00e1s que arreglar vol\u00famenes y poner un tema listo para subirlo en las tiendas digitales y mandarlo a imprimir.&nbsp;<\/p>\n<p style=\"\">Es de por s\u00ed parte del proceso creativo que cuenta una grand\u00edsima parte de la historia que se querr\u00e1 contar a trav\u00e9s de una canci\u00f3n, EP o Album.<\/p>\n<p style=\"\">Para los que quieran aprender y mejorar su t\u00e9cnica de mezcla y master, prepar\u00e9 3 PDFs sobre los fundamentos, para iniciarse y\/u orientarse en este fabuloso mundo. El contenido es totalmente <strong>GRATIS.<\/strong><\/p>\n<p style=\"text-align: center;\"><strong><\/strong><\/p>\n<p style=\"\">\n<p><span style=\"\"><img loading=\"lazy\" decoding=\"async\" alt=\"\" data-id=\"4156\" width=\"277\" data-init-width=\"1080\" height=\"493\" data-init-height=\"1920\" title=\"sound\" loading=\"lazy\" src=\"\/\/www.jakexmusic.com\/wp-content\/uploads\/2023\/08\/sound.jpeg\" data-width=\"277\" data-height=\"493\" style=\"aspect-ratio: auto 1080 \/ 1920;\" ml-d=\"-5\" mt-d=\"0\" center-h-d=\"false\"><\/span><\/p>\n<h2 style=\"text-align: center;\">C\u00f3mo Componer una buena Melod\u00eda Vocal<\/h2>\n<p style=\"\">Componer una &nbsp;melod\u00eda vocal eficaz, que enganche el oyente y que se quede grabada en la mente de las personas nos es nada f\u00e1cil.&nbsp;<\/p>\n<p style=\"\">A trav\u00e9s de pr\u00e1ctica y conocimiento de algunos aspectos, tanto psicol\u00f3gicos, psicoac\u00fasticos y de teor\u00eda musical b\u00e1sica es posible mejorar cualquier melod\u00eda.&nbsp;<\/p>\n<p style=\"\">Prepar\u00e9 un video y una gu\u00eda PDF&nbsp;<strong>GRATIS<\/strong> explic\u00e1ndote sobre los 8 + 1 puntos<strong>&nbsp;<\/strong>para que puedas<strong>&nbsp;<\/strong>empezar a mejorar tus melod\u00edas muy r\u00e1pidamente.&nbsp;<\/p>\n<\/p>\n<h2 style=\"text-align: center;\">SPOTIFY<\/h2>\n<p style=\"text-align: center;\">Elige la promoci\u00f3n que m\u00e1s se adapta a tus necesidades. Despu\u00e9s de realizar la compra, env\u00edame el enlace de la canci\u00f3n que quieres promocionar en Spotify por <a href=\"mailto:info@jakexmusic.com\" target=\"_blank\" style=\"outline: none;\" rel=\"noopener\">Email<\/a>&nbsp;o&nbsp;<a href=\"https:\/\/wa.me\/0034627314379\" target=\"_blank\" style=\"outline: none;\" rel=\"noopener\"><strong>WhatsApp<\/strong><\/a>.<\/p>\n<p><span><img loading=\"lazy\" decoding=\"async\" alt=\"\" data-id=\"4084\" width=\"370\" data-init-width=\"1080\" height=\"370\" data-init-height=\"1080\" title=\"1\" loading=\"lazy\" src=\"\/\/www.jakexmusic.com\/wp-content\/uploads\/2023\/08\/1.png\" data-width=\"370\" data-height=\"370\" style=\"aspect-ratio: auto 1080 \/ 1080;\"><\/span><\/p>\n<p style=\"text-align: center;\">Promocionar\u00e9 tu canci\u00f3n a trav\u00e9s de una red de playlist y Ads hasta que alcance<strong>&nbsp;5.000 streams<\/strong>. Todos los streams son 100% REALEX. No se utilizar\u00e1 ning\u00fan bot.<\/p>\n<p style=\"text-align: center;\"><strong>INVERSI\u00d3N: 150 \u20ac<\/strong><\/p>\n<p><span><img loading=\"lazy\" decoding=\"async\" alt=\"\" data-id=\"4084\" width=\"370\" data-init-width=\"1080\" height=\"370\" data-init-height=\"1080\" title=\"1\" loading=\"lazy\" src=\"\/\/www.jakexmusic.com\/wp-content\/uploads\/2023\/08\/1.png\" data-width=\"370\" data-height=\"370\" style=\"aspect-ratio: auto 1080 \/ 1080;\"><\/span><\/p>\n<p style=\"text-align: center;\">Promocionar\u00e9 tu canci\u00f3n a trav\u00e9s de una red de playlist y Ads hasta que alcance<strong>&nbsp;10.000 streams<\/strong>. Todos los streams son 100% REALEX. No se utilizar\u00e1 ning\u00fan bot.<\/p>\n<p style=\"text-align: center;\"><strong>INVERSI\u00d3N: 300 \u20ac<\/strong><\/p>\n<p><span><img loading=\"lazy\" decoding=\"async\" alt=\"\" data-id=\"4084\" width=\"370\" data-init-width=\"1080\" height=\"370\" data-init-height=\"1080\" title=\"1\" loading=\"lazy\" src=\"\/\/www.jakexmusic.com\/wp-content\/uploads\/2023\/08\/1.png\" data-width=\"370\" data-height=\"370\" style=\"aspect-ratio: auto 1080 \/ 1080;\"><\/span><\/p>\n<p style=\"text-align: center;\">Promocionar\u00e9 tu canci\u00f3n a trav\u00e9s de una red de playlist y Ads hasta que alcance<strong>&nbsp;20.000 streams<\/strong>. Todos los streams son 100% REALEX. No se utilizar\u00e1 ning\u00fan bot.<\/p>\n<p style=\"text-align: center;\"><strong>INVERSI\u00d3N: 500 \u20ac<\/strong><\/p>\n<p><span><img loading=\"lazy\" decoding=\"async\" alt=\"\" data-id=\"4084\" width=\"370\" data-init-width=\"1080\" height=\"370\" data-init-height=\"1080\" title=\"1\" loading=\"lazy\" src=\"\/\/www.jakexmusic.com\/wp-content\/uploads\/2023\/08\/1.png\" data-width=\"370\" data-height=\"370\" style=\"aspect-ratio: auto 1080 \/ 1080;\"><\/span><\/p>\n<p style=\"text-align: center;\">Promocionar\u00e9 tu canci\u00f3n a trav\u00e9s de una red de playlist y Ads hasta que alcance<strong>&nbsp;50.000 streams<\/strong>. Todos los streams son 100% REALEX. No se utilizar\u00e1 ning\u00fan bot.<\/p>\n<p style=\"text-align: center;\"><strong>INVERSI\u00d3N: 1.000 \u20ac<\/strong><\/p>\n<p><span><img loading=\"lazy\" decoding=\"async\" alt=\"\" data-id=\"4084\" width=\"370\" data-init-width=\"1080\" height=\"370\" data-init-height=\"1080\" title=\"1\" loading=\"lazy\" src=\"\/\/www.jakexmusic.com\/wp-content\/uploads\/2023\/08\/1.png\" data-width=\"370\" data-height=\"370\" style=\"aspect-ratio: auto 1080 \/ 1080;\"><\/span><\/p>\n<p style=\"text-align: center;\">Promocionar\u00e9 tu canci\u00f3n a trav\u00e9s de una red de playlist y Ads hasta que alcance<strong>&nbsp;100.000 streams<\/strong>. Todos los streams son 100% REALEX. No se utilizar\u00e1 ning\u00fan bot.<\/p>\n<p style=\"text-align: center;\"><strong>INVERSI\u00d3N: 2.000 \u20ac<\/strong><\/p>\n<p><span><img loading=\"lazy\" decoding=\"async\" alt=\"\" data-id=\"4084\" width=\"370\" data-init-width=\"1080\" height=\"370\" data-init-height=\"1080\" title=\"1\" loading=\"lazy\" src=\"\/\/www.jakexmusic.com\/wp-content\/uploads\/2023\/08\/1.png\" data-width=\"370\" data-height=\"370\" style=\"aspect-ratio: auto 1080 \/ 1080;\"><\/span><\/p>\n<p style=\"text-align: center;\">Promocionar\u00e9 tu canci\u00f3n a trav\u00e9s de una red de playlist y Ads hasta que alcance<strong>&nbsp;200.000 streams<\/strong>. Todos los streams son 100% REALEX. No se utilizar\u00e1 ning\u00fan bot.<\/p>\n<p style=\"text-align: center;\"><strong>INVERSI\u00d3N: 4.000 \u20ac<\/strong><\/p>\n<h4 style=\"text-align: center;\">2 semanas en las playlists de estos&nbsp;<strong>famosos DJs<\/strong><\/h4>\n<p style=\"text-align: center;\">Nicky Romero\u2019s Favorites, Protocol Radio, Aoki Bootcamp Workout, STMPD TOP 50, Brooks, Gianluca Vacchi &amp; Amigos, Merk &amp; Kremont, Kshmr, Showtek\u2019s favourites, Mixmash, San Holo, Droeloe, Slushii, Marshmello, Ookay, R3hab night playlist , Future House Music, Barong Family , Yellow Claw, Club Tracks w\/ Timmy Trumpet, Favourites by Tujamo, Dim Mak<\/p>\n<\/p>\n<h2 style=\"text-align: center;\">YOUTUBE<\/h2>\n<p style=\"text-align: center;\">Elige la promoci\u00f3n que m\u00e1s se adapta a tus necesidades. Despu\u00e9s de realizar la compra, env\u00edame el enlace de la canci\u00f3n que quieres promocionar en YouTube por <a href=\"mailto:info@jakexmusic.com\" target=\"_blank\" rel=\"noopener\">Email<\/a>&nbsp;o&nbsp;<a href=\"https:\/\/wa.me\/0034627314379\" target=\"_blank\" style=\"outline: none;\" rel=\"noopener\"><strong>WhatsApp<\/strong><\/a>.<\/p>\n<p><span><img loading=\"lazy\" decoding=\"async\" alt=\"\" data-id=\"4099\" width=\"274\" data-init-width=\"1080\" height=\"274\" data-init-height=\"1080\" title=\"Post Playlist ESP\" loading=\"lazy\" src=\"\/\/www.jakexmusic.com\/wp-content\/uploads\/2023\/08\/Post-Playlist-ESP.png\" data-width=\"274\" data-height=\"274\" style=\"aspect-ratio: auto 1080 \/ 1080;\"><\/span><\/p>\n<p style=\"text-align: center;\">Promocionar\u00e9 tu canci\u00f3n a trav\u00e9s de una red de playlist y Ads por un promedio de<strong>&nbsp;15\/30K visualizaciones<\/strong>. Todas las visualizaciones son 100% REALEX. No se utilizar\u00e1 ning\u00fan bot.<\/p>\n<p style=\"text-align: center;\"><strong>INVERSI\u00d3N: 300 \u20ac<\/strong><\/p>\n<p><span><img loading=\"lazy\" decoding=\"async\" alt=\"\" data-id=\"4099\" width=\"274\" data-init-width=\"1080\" height=\"274\" data-init-height=\"1080\" title=\"Post Playlist ESP\" loading=\"lazy\" src=\"\/\/www.jakexmusic.com\/wp-content\/uploads\/2023\/08\/Post-Playlist-ESP.png\" data-width=\"274\" data-height=\"274\" style=\"aspect-ratio: auto 1080 \/ 1080;\"><\/span><\/p>\n<p style=\"text-align: center;\">Promocionar\u00e9 tu canci\u00f3n a trav\u00e9s de una red de playlist y Ads por un promedio de<strong>&nbsp;40\/60K visualizaciones<\/strong>. Todas las visualizaciones son 100% REALEX. No se utilizar\u00e1 ning\u00fan bot.<\/p>\n<p style=\"text-align: center;\"><strong>INVERSI\u00d3N: 500 \u20ac<\/strong><\/p>\n<p><span><img loading=\"lazy\" decoding=\"async\" alt=\"\" data-id=\"4099\" width=\"274\" data-init-width=\"1080\" height=\"274\" data-init-height=\"1080\" title=\"Post Playlist ESP\" loading=\"lazy\" src=\"\/\/www.jakexmusic.com\/wp-content\/uploads\/2023\/08\/Post-Playlist-ESP.png\" data-width=\"274\" data-height=\"274\" style=\"aspect-ratio: auto 1080 \/ 1080;\"><\/span><\/p>\n<p style=\"text-align: center;\">Promocionar\u00e9 tu canci\u00f3n a trav\u00e9s de una red de playlist y Ads por un promedio de<strong>&nbsp;80\/120K visualizaciones<\/strong>. Todas las visualizaciones son 100% REALEX. No se utilizar\u00e1 ning\u00fan bot.<\/p>\n<p style=\"text-align: center;\"><strong>INVERSI\u00d3N: 950 \u20ac<\/strong><\/p>\n<p><span><img loading=\"lazy\" decoding=\"async\" alt=\"\" data-id=\"4099\" width=\"274\" data-init-width=\"1080\" height=\"274\" data-init-height=\"1080\" title=\"Post Playlist ESP\" loading=\"lazy\" src=\"\/\/www.jakexmusic.com\/wp-content\/uploads\/2023\/08\/Post-Playlist-ESP.png\" data-width=\"274\" data-height=\"274\" style=\"aspect-ratio: auto 1080 \/ 1080;\"><\/span><\/p>\n<p style=\"text-align: center;\">Promocionar\u00e9 tu canci\u00f3n a trav\u00e9s de una red de playlist y Ads por un promedio de<strong>&nbsp;180\/220K visualizaciones<\/strong>. Todas las visualizaciones son 100% REALEX. No se utilizar\u00e1 ning\u00fan bot.<\/p>\n<p style=\"text-align: center;\"><strong>INVERSI\u00d3N: 1.600 \u20ac<\/strong><\/p>\n<\/p>\n<h2 style=\"text-align: center;\">SOUNDCLOUD<\/h2>\n<p style=\"text-align: center;\">Elige la promoci\u00f3n que m\u00e1s se adapta a tus necesidades. Despu\u00e9s de realizar la compra, env\u00edame el enlace de la canci\u00f3n que quieres promocionar en SoundCloud por <a href=\"mailto:info@jakexmusic.com\" target=\"_blank\" style=\"outline: none;\" rel=\"noopener\">Email<\/a> o <a href=\"https:\/\/wa.me\/0034627314379\" target=\"_blank\" style=\"outline: none;\" rel=\"noopener\"><strong>WhatsApp<\/strong><\/a>.<\/p>\n<p><span><img loading=\"lazy\" decoding=\"async\" alt=\"\" data-id=\"4106\" width=\"274\" data-init-width=\"1080\" height=\"274\" data-init-height=\"1080\" title=\"Post Playlist ESP (1)\" loading=\"lazy\" src=\"\/\/www.jakexmusic.com\/wp-content\/uploads\/2023\/08\/Post-Playlist-ESP-1.png\" data-width=\"274\" data-height=\"274\" style=\"aspect-ratio: auto 1080 \/ 1080;\"><\/span><\/p>\n<p style=\"text-align: center;\">Promocionar\u00e9 tu canci\u00f3n a trav\u00e9s de reposts hasta que alcance <strong>20k reproducciones.<\/strong> Todas las reproducciones son 100% REALES. No se utilizar\u00e1 ning\u00fan bot.<\/p>\n<p style=\"text-align: center;\"><strong>INVERSI\u00d3N: 300 \u20ac<\/strong><\/p>\n<p><span><img loading=\"lazy\" decoding=\"async\" alt=\"\" data-id=\"4106\" width=\"274\" data-init-width=\"1080\" height=\"274\" data-init-height=\"1080\" title=\"Post Playlist ESP (1)\" loading=\"lazy\" src=\"\/\/www.jakexmusic.com\/wp-content\/uploads\/2023\/08\/Post-Playlist-ESP-1.png\" data-width=\"274\" data-height=\"274\" style=\"aspect-ratio: auto 1080 \/ 1080;\"><\/span><\/p>\n<p style=\"text-align: center;\">Promocionar\u00e9 tu canci\u00f3n a trav\u00e9s de reposts hasta que alcance <strong>5<\/strong><strong>0k reproducciones.<\/strong> Todas las reproducciones son 100% REALES. No se utilizar\u00e1 ning\u00fan bot.&nbsp;<\/p>\n<p style=\"text-align: center;\"><strong>INVERSI\u00d3N: 550 \u20ac<\/strong><\/p>\n<p><span><img loading=\"lazy\" decoding=\"async\" alt=\"\" data-id=\"4106\" width=\"274\" data-init-width=\"1080\" height=\"274\" data-init-height=\"1080\" title=\"Post Playlist ESP (1)\" loading=\"lazy\" src=\"\/\/www.jakexmusic.com\/wp-content\/uploads\/2023\/08\/Post-Playlist-ESP-1.png\" data-width=\"274\" data-height=\"274\" style=\"aspect-ratio: auto 1080 \/ 1080;\"><\/span><\/p>\n<p style=\"text-align: center;\">Promocionar\u00e9 tu canci\u00f3n a trav\u00e9s de reposts hasta que alcance <strong>10<\/strong><strong>0k reproducciones.<\/strong> Todas las reproducciones son 100% REALES. No se utilizar\u00e1 ning\u00fan bot.<\/p>\n<p style=\"text-align: center;\"><strong>INVERSI\u00d3N: 750 \u20ac<\/strong><\/p>\n<p><span><img loading=\"lazy\" decoding=\"async\" alt=\"\" data-id=\"4106\" width=\"274\" data-init-width=\"1080\" height=\"274\" data-init-height=\"1080\" title=\"Post Playlist ESP (1)\" loading=\"lazy\" src=\"\/\/www.jakexmusic.com\/wp-content\/uploads\/2023\/08\/Post-Playlist-ESP-1.png\" data-width=\"274\" data-height=\"274\" style=\"aspect-ratio: auto 1080 \/ 1080;\"><\/span><\/p>\n<p style=\"text-align: center;\">Promocionar\u00e9 tu canci\u00f3n a trav\u00e9s de reposts hasta que alcance&nbsp;<strong>200k reproducciones.<\/strong> Todas las reproducciones son 100% REALES. No se utilizar\u00e1 ning\u00fan bot.<\/p>\n<p style=\"text-align: center;\"><strong>INVERSI\u00d3N: 1.400 \u20ac<\/strong><\/p>\n<h3 style=\"text-align: center;\">Si necesitas una campa\u00f1a personalizada, env\u00edame un mensaje.<\/h3>\n","protected":false},"excerpt":{"rendered":"<p>Aqu\u00ed puedes encontrar todos los productos y promociones disponibles para impulsar tu carrera. Por cualquier duda o pregunta, estoy a disposici\u00f3n.&nbsp; El Arte de Escribir Letras &#8211; eBook Escribir letras es de por s\u00ed un arte. Por la forma en&#8230;<\/p>\n","protected":false},"author":1,"featured_media":3526,"parent":0,"menu_order":0,"comment_status":"closed","ping_status":"closed","template":"","meta":{"footnotes":""},"class_list":["post-4128","page","type-page","status-publish","has-post-thumbnail","hentry"],"yoast_head":"<!-- This site is optimized with the Yoast SEO plugin v22.8 - https:\/\/yoast.com\/wordpress\/plugins\/seo\/ -->\n<title>Tienda - JaKe X<\/title>\n<meta name=\"description\" content=\"Servicios promocionales para darle m\u00e1s visibilidad a tu m\u00fasica en las plataformas digitales principales. No bots ni falsas reproducciones.\" \/>\n<meta name=\"robots\" content=\"index, follow, max-snippet:-1, max-image-preview:large, max-video-preview:-1\" \/>\n<link rel=\"canonical\" href=\"https:\/\/www.jakexmusic.com\/es\/tienda\/\" \/>\n<script type=\"application\/ld+json\" class=\"yoast-schema-graph\">{\"@context\":\"https:\/\/schema.org\",\"@graph\":[]}<\/script>\n<!-- \/ Yoast SEO plugin. -->","yoast_head_json":{"title":"Tienda - JaKe X","description":"Servicios promocionales para darle m\u00e1s visibilidad a tu m\u00fasica en las plataformas digitales principales. No bots ni falsas reproducciones.","robots":{"index":"index","follow":"follow","max-snippet":"max-snippet:-1","max-image-preview":"max-image-preview:large","max-video-preview":"max-video-preview:-1"},"canonical":"https:\/\/www.jakexmusic.com\/es\/tienda\/","schema":{"@context":"https:\/\/schema.org","@graph":[]}},"_links":{"self":[{"href":"https:\/\/www.jakexmusic.com\/es\/wp-json\/wp\/v2\/pages\/4128","targetHints":{"allow":["GET"]}}],"collection":[{"href":"https:\/\/www.jakexmusic.com\/es\/wp-json\/wp\/v2\/pages"}],"about":[{"href":"https:\/\/www.jakexmusic.com\/es\/wp-json\/wp\/v2\/types\/page"}],"author":[{"embeddable":true,"href":"https:\/\/www.jakexmusic.com\/es\/wp-json\/wp\/v2\/users\/1"}],"replies":[{"embeddable":true,"href":"https:\/\/www.jakexmusic.com\/es\/wp-json\/wp\/v2\/comments?post=4128"}],"version-history":[{"count":23,"href":"https:\/\/www.jakexmusic.com\/es\/wp-json\/wp\/v2\/pages\/4128\/revisions"}],"predecessor-version":[{"id":4958,"href":"https:\/\/www.jakexmusic.com\/es\/wp-json\/wp\/v2\/pages\/4128\/revisions\/4958"}],"wp:featuredmedia":[{"embeddable":true,"href":"https:\/\/www.jakexmusic.com\/es\/wp-json\/wp\/v2\/media\/3526"}],"wp:attachment":[{"href":"https:\/\/www.jakexmusic.com\/es\/wp-json\/wp\/v2\/media?parent=4128"}],"curies":[{"name":"wp","href":"https:\/\/api.w.org\/{rel}","templated":true}]}}