{"id":3618,"date":"2022-08-03T17:16:06","date_gmt":"2022-08-03T17:16:06","guid":{"rendered":"http:\/\/www.jakexmusic.com\/?page_id=3618"},"modified":"2024-07-01T17:35:52","modified_gmt":"2024-07-01T17:35:52","slug":"vocal-coach","status":"publish","type":"page","link":"https:\/\/www.jakexmusic.com\/es\/vocal-coach\/","title":{"rendered":"VOCAL COACH"},"content":{"rendered":"<h2>Tu voz e identidad art\u00edstica<\/h2>\n<\/p>\n<p>Para un cantante, un rapero o en general para quienes utilicen la voz en su actividad art\u00edstica, es fundamental que conozcan las herramientas a disposici\u00f3n al fin de comunicar la sensaci\u00f3n y la intenci\u00f3n que uno tenga en mente, ademas de no lastimarse.<\/p>\n<\/p>\n<p style=\"font-size: 14px !important;\">Desde hace a\u00f1os he seguido cientos de personas que necesitaban adquirir las t\u00e9cnicas y la consciencia sonora que deseaban, para mejor expresarse como artistas y tener una prestaci\u00f3n mejor en el escenario o a la hora de grabar.&nbsp;<\/p>\n<p style=\"font-size: 14px !important;\">\n<p style=\"font-size: 14px !important;\">Sin embargo, no es solamente una cuesti\u00f3n de t\u00e9cnica: la voz el instrumento mas \u00abdirecto\u00bb que exista para vehicular emociones. Entonces, aprender c\u00f3mo desarrollar el propio estilo y c\u00f3mo modular una intenci\u00f3n en un sonido, har\u00e1 una enorme diferencia para marcar tu identidad art\u00edstica y sentirte bien contigo mismo\/a.&nbsp;<\/p>\n<p style=\"font-size: 14px !important;\">\n<p style=\"font-size: 14px !important;\">Excepto estilo lirico, mis talleres de canto se pueden aplicar a cualquier genero artistica y exigencias profesionales.&nbsp;<\/p>\n<h2 style=\"text-align: center;\">Testimonios<\/h2>\n<h1><\/h1>\n<p>Las clases de canto de Jake no son un GPS que te dicen donde tienes que ir: son m\u00e1s como una br\u00fajula. La diferencia es sutil pero substancial. As\u00ed sucede que empiezas por pasatiempo y sin ni creer en tus abilidades y terminas descubriendo un mundo que jam\u00e1s hubieras esperado. &nbsp;<\/p>\n<p style=\"text-align: left;\"><span style=\"font-family: &quot;Playfair Display&quot;; font-weight: 400;\"><strong><em><span style=\"font-size: 20px;\">Michele<\/span><\/em><\/strong><\/span><\/p>\n<p style=\"text-align: left;\"><span style=\"font-family: &quot;Playfair Display&quot;; font-weight: 400;\"><strong><em><span style=\"font-size: 20px;\"><\/span><\/em><\/strong><\/span><span style=\"font-family: &quot;Playfair Display&quot;; font-weight: 400;\"><strong><em><span style=\"color: rgb(249, 239, 237);\"><\/span><\/em><\/strong><\/span><\/p>\n<h1><\/h1>\n<p>A pesar de cuanto yo ame cantar y de c\u00f3mo lo hago sistem\u00e1ticamente por mi trabajo, siempre pens\u00e9 lo peor de mi voz. Solo ve\u00eda las limitaciones y pens\u00e9 que nunca cambiar\u00eda eso. El camino que emprend\u00ed con Jake me abri\u00f3 las puertas de un mundo, sobre todo interior, que &nbsp;conecta con mis sensaciones directamente con mi voz, rompiendo y superando las barreras que pens\u00e9 que fueran imposibles de superar.&nbsp;<\/p>\n<p style=\"text-align: left;\"><span style=\"font-family: &quot;Playfair Display&quot;; font-weight: 400;\"><strong><em><span style=\"font-size: 20px;\">Emma&nbsp;<\/span><\/em><\/strong><\/span><span style=\"font-family: &quot;Playfair Display&quot;; font-weight: 400;\"><strong><em><\/em><\/strong><\/span><span style=\"font-family: &quot;Playfair Display&quot;; font-weight: 400;\"><strong><em><span style=\"color: rgb(249, 239, 237);\"><\/span><\/em><\/strong><\/span><\/p>\n<h1><\/h1>\n<p>Soy un cantante profesional y por eso siempre estoy usando mi voz, desde que tengo muchas actuaciones todo el tiempo. Jake me ayuda a mejorar mis habilidades y capacidades interpretativas, adem\u00e1s de brindar una verdadera preparaci\u00f3n al escenario, tomando en cuenta el estr\u00e9s que causar\u00eda a mi voz y entonces a c\u00f3mo cuidarla en el tiempo.&nbsp;<\/p>\n<p style=\"text-align: left;\"><span style=\"font-family: &quot;Playfair Display&quot;; font-weight: 400;\"><strong><em><span style=\"font-size: 20px;\">Matteo<\/span><\/em><\/strong><\/span><span style=\"font-family: &quot;Playfair Display&quot;; font-weight: 400;\"><strong><em><span style=\"color: rgb(249, 239, 237);\"><\/span><\/em><\/strong><\/span><\/p>\n<h2 style=\"text-align: left;\">Cont\u00e1ctame para programar tu primera clase<\/h2>\n<p style=\"color: rgb(255, 255, 255) !important; --tcb-applied-color: rgb(255, 255, 255) !important;\">Cu\u00e9ntame lo que necesitas y cuales son tus objetivos y le daremos forma a tu camino personalizado.&nbsp;<\/p>\n<p>First NameEmail AddressMessageENVIAR MENSAJE \u00bb<\/p>\n","protected":false},"excerpt":{"rendered":"<p>Tu voz e identidad art\u00edstica Para un cantante, un rapero o en general para quienes utilicen la voz en su actividad art\u00edstica, es fundamental que conozcan las herramientas a disposici\u00f3n al fin de comunicar la sensaci\u00f3n y la intenci\u00f3n que&#8230;<\/p>\n","protected":false},"author":1,"featured_media":0,"parent":0,"menu_order":0,"comment_status":"closed","ping_status":"closed","template":"","meta":{"footnotes":""},"class_list":["post-3618","page","type-page","status-publish","hentry"],"yoast_head":"<!-- This site is optimized with the Yoast SEO plugin v22.8 - https:\/\/yoast.com\/wordpress\/plugins\/seo\/ -->\n<title>VOCAL COACH - JaKe X<\/title>\n<meta name=\"description\" content=\"Aprende sobre el curso de canto personalizado de JaKe X, mejora tu t\u00e9cnica y consciencia sonora como cantante y encuentra tu verdadera voz.\" \/>\n<meta name=\"robots\" content=\"index, follow, max-snippet:-1, max-image-preview:large, max-video-preview:-1\" \/>\n<link rel=\"canonical\" href=\"https:\/\/www.jakexmusic.com\/es\/vocal-coach\/\" \/>\n<script type=\"application\/ld+json\" class=\"yoast-schema-graph\">{\"@context\":\"https:\/\/schema.org\",\"@graph\":[]}<\/script>\n<!-- \/ Yoast SEO plugin. -->","yoast_head_json":{"title":"VOCAL COACH - JaKe X","description":"Aprende sobre el curso de canto personalizado de JaKe X, mejora tu t\u00e9cnica y consciencia sonora como cantante y encuentra tu verdadera voz.","robots":{"index":"index","follow":"follow","max-snippet":"max-snippet:-1","max-image-preview":"max-image-preview:large","max-video-preview":"max-video-preview:-1"},"canonical":"https:\/\/www.jakexmusic.com\/es\/vocal-coach\/","schema":{"@context":"https:\/\/schema.org","@graph":[]}},"_links":{"self":[{"href":"https:\/\/www.jakexmusic.com\/es\/wp-json\/wp\/v2\/pages\/3618","targetHints":{"allow":["GET"]}}],"collection":[{"href":"https:\/\/www.jakexmusic.com\/es\/wp-json\/wp\/v2\/pages"}],"about":[{"href":"https:\/\/www.jakexmusic.com\/es\/wp-json\/wp\/v2\/types\/page"}],"author":[{"embeddable":true,"href":"https:\/\/www.jakexmusic.com\/es\/wp-json\/wp\/v2\/users\/1"}],"replies":[{"embeddable":true,"href":"https:\/\/www.jakexmusic.com\/es\/wp-json\/wp\/v2\/comments?post=3618"}],"version-history":[{"count":12,"href":"https:\/\/www.jakexmusic.com\/es\/wp-json\/wp\/v2\/pages\/3618\/revisions"}],"predecessor-version":[{"id":4978,"href":"https:\/\/www.jakexmusic.com\/es\/wp-json\/wp\/v2\/pages\/3618\/revisions\/4978"}],"wp:attachment":[{"href":"https:\/\/www.jakexmusic.com\/es\/wp-json\/wp\/v2\/media?parent=3618"}],"curies":[{"name":"wp","href":"https:\/\/api.w.org\/{rel}","templated":true}]}}