{"id":5797,"date":"2025-07-07T13:01:55","date_gmt":"2025-07-07T13:01:55","guid":{"rendered":"https:\/\/www.jakexmusic.com\/?page_id=5797"},"modified":"2025-07-07T13:01:59","modified_gmt":"2025-07-07T13:01:59","slug":"discografia-jakex","status":"publish","type":"page","link":"http:\/\/www.jakexmusic.com\/es\/discografia-jakex\/","title":{"rendered":"Discograf\u00eda"},"content":{"rendered":"","protected":false},"excerpt":{"rendered":"","protected":false},"author":1,"featured_media":0,"parent":0,"menu_order":0,"comment_status":"closed","ping_status":"closed","template":"template-discography.php","meta":{"footnotes":""},"class_list":["post-5797","page","type-page","status-publish","hentry"],"yoast_head":"<!-- This site is optimized with the Yoast SEO plugin v22.8 - https:\/\/yoast.com\/wordpress\/plugins\/seo\/ -->\n<title>Discograf\u00eda - JaKe X<\/title>\n<meta name=\"description\" content=\"Aqu\u00ed encuentras toda mi discograf\u00eda, tanto como solista as\u00ed como con todos los proyectos de bandas y colaboraciones con otros artistas\" \/>\n<meta name=\"robots\" content=\"index, follow, max-snippet:-1, max-image-preview:large, max-video-preview:-1\" \/>\n<link rel=\"canonical\" href=\"http:\/\/www.jakexmusic.com\/es\/discografia-jakex\/\" \/>\n<script type=\"application\/ld+json\" class=\"yoast-schema-graph\">{\"@context\":\"https:\/\/schema.org\",\"@graph\":[]}<\/script>\n<!-- \/ Yoast SEO plugin. -->","yoast_head_json":{"title":"Discograf\u00eda - JaKe X","description":"Aqu\u00ed encuentras toda mi discograf\u00eda, tanto como solista as\u00ed como con todos los proyectos de bandas y colaboraciones con otros artistas","robots":{"index":"index","follow":"follow","max-snippet":"max-snippet:-1","max-image-preview":"max-image-preview:large","max-video-preview":"max-video-preview:-1"},"canonical":"http:\/\/www.jakexmusic.com\/es\/discografia-jakex\/","schema":{"@context":"https:\/\/schema.org","@graph":[]}},"_links":{"self":[{"href":"http:\/\/www.jakexmusic.com\/es\/wp-json\/wp\/v2\/pages\/5797","targetHints":{"allow":["GET"]}}],"collection":[{"href":"http:\/\/www.jakexmusic.com\/es\/wp-json\/wp\/v2\/pages"}],"about":[{"href":"http:\/\/www.jakexmusic.com\/es\/wp-json\/wp\/v2\/types\/page"}],"author":[{"embeddable":true,"href":"http:\/\/www.jakexmusic.com\/es\/wp-json\/wp\/v2\/users\/1"}],"replies":[{"embeddable":true,"href":"http:\/\/www.jakexmusic.com\/es\/wp-json\/wp\/v2\/comments?post=5797"}],"version-history":[{"count":1,"href":"http:\/\/www.jakexmusic.com\/es\/wp-json\/wp\/v2\/pages\/5797\/revisions"}],"predecessor-version":[{"id":5798,"href":"http:\/\/www.jakexmusic.com\/es\/wp-json\/wp\/v2\/pages\/5797\/revisions\/5798"}],"wp:attachment":[{"href":"http:\/\/www.jakexmusic.com\/es\/wp-json\/wp\/v2\/media?parent=5797"}],"curies":[{"name":"wp","href":"https:\/\/api.w.org\/{rel}","templated":true}]}}