{"id":5643,"date":"2025-02-14T18:19:22","date_gmt":"2025-02-14T18:19:22","guid":{"rendered":"https:\/\/www.jakexmusic.com\/?page_id=5643"},"modified":"2025-12-05T12:57:00","modified_gmt":"2025-12-05T12:57:00","slug":"sanacion-con-sonido","status":"publish","type":"page","link":"http:\/\/www.jakexmusic.com\/es\/sanacion-con-sonido\/","title":{"rendered":"Sanaci\u00f3n a trav\u00e9s del Sonido"},"content":{"rendered":"<p>Enter your text here&#8230;<\/p>\n<h2 style=\"text-align: center;\">El Sonido Sana<\/h2>\n<p style=\"\">En la \u00faltima d\u00e9cada, la ciencia y la espiritualidad han empezado a ponerse de acuerdo en una cosa: <strong>EL SONIDO Y LAS FRECUENCIAS CURAN<\/strong>. Est\u00e1 m\u00e1s que comprobado que ciertos sonidos y vibraciones tienen efectos extraordinarios para prevenir enfermedades, adem\u00e1s de tratar y curar afecciones psicoemocionales, incluso aliviando la percepci\u00f3n del dolor.Llevo a\u00f1os estudiando e investigando este universo cuyos incre\u00edbles efectos pude experimentar directamente, totalmente seguros y 100% no invasivos. El sonido es una nueva (y antigua) frontera de curaci\u00f3n que no causa adicci\u00f3n ni tiene efectos secundarios.En esta p\u00e1gina, puedes encontrar los servicios y proyectos en los que estoy involucrado. No dudes en contactarme y pedir cualquier informaci\u00f3n, si hay alg\u00fan aspecto en particular que creas que podr\u00eda ser beneficioso para ti o para las personas que conoces.<\/p>\n<h2 style=\"text-align: center;\">M\u00fasica para Terapeutas y Facilitadores<\/h2>\n<p style=\"\">Si utilizas m\u00fasica en tus pr\u00e1cticas, sesiones, viajes guiados, etc., puedes alcanzar su m\u00e1ximo potencial desarrollando tu propio sonido y personaliz\u00e1ndolo. Melod\u00edas, sonidos atonales creados desde cero, dise\u00f1o de sonido y efectos sonoros para acompa\u00f1ar cada segundo de tus oyentes y crear una experiencia inmersiva.He creado m\u00fasica y trabajado con diversos profesionales y terapeutas, y podemos utilizar instrumentos tocados, programar, producir y adaptarnos a tus necesidades espec\u00edficas.<\/p>\n<p><!--! Font Awesome Free 6.7.1 by @fontawesome - https:\/\/fontawesome.com License - https:\/\/fontawesome.com\/license\/free (Icons: CC BY 4.0, Fonts: SIL OFL 1.1, Code: MIT License) Copyright 2024 Fonticons, Inc. --><\/p>\n<h5 style=\"\">Breathwork<\/h5>\n<p style=\"\">Crea tu sesi\u00f3n 100% personalizada con m\u00fasica, transiciones y canciones a medida.<\/p>\n<h5>Meditaciones, Hipnosis, Mantras<\/h5>\n<p style=\"\">Puedes ofrecer a tu comunidad tu propio sonido y m\u00fasica caracter\u00edsticos, tanto para tus sesiones individuales o grupales como para escucharlos en l\u00ednea o fuera de l\u00ednea.<\/p>\n<p><!--! Font Awesome Free 6.7.1 by @fontawesome - https:\/\/fontawesome.com License - https:\/\/fontawesome.com\/license\/free (Icons: CC BY 4.0, Fonts: SIL OFL 1.1, Code: MIT License) Copyright 2024 Fonticons, Inc. --><\/p>\n<h5 style=\"\">Viajes de Sonido Personalizados<\/h5>\n<p style=\"\">Para formadores, escuelas y academias que necesitan m\u00fasica constantemente para sus alumnos y estudiantes.<\/p>\n<\/p>\n<h2 style=\"text-align: center;\">Reprograma tu Mente<\/h2>\n<p style=\"\">Cambiar nuestros pensamientos y creencias profundas es posible. Es posible facilitar el proceso de dejar ir las cosas, deshacernos de ciertos bloqueos que limitan nuestro bienestar para dar la bienvenida al cambio beneficioso que so\u00f1amos para nosotros mismos.Solo tenemos que saber qu\u00e9 idioma habla nuestro cerebro. El sonido puede alterar nuestras ondas cerebrales de manera segura y ponernos en un estado de recepci\u00f3n m\u00e1s profundo, donde somos capaces de reprogramar nuestros pensamientos y lo que realmente creemos de nosotros mismos, a un nivel m\u00e1s profundo y subconsciente.Podemos programar nuestro propio sonido y frecuencias para escuchar, dependiendo de lo que queramos lograr.<\/p>\n<h5 style=\"\">Reduce el Estr\u00e9s y Ansiedad<\/h5>\n<p style=\"\">Simplemente escuch\u00e1ndolas por algunos minutos, algunas frecuencias tienen el efecto incre\u00edble de reducir nuestro nivel de ansiedad y de estr\u00e9s.&nbsp;<\/p>\n<h5 style=\"\">Alcanza Objetivos<\/h5>\n<p style=\"\">A menudo, lo que queremos en la vida no llega porque lo estamos bloqueando a nivel m\u00e1s profundo. Quita esos bloqueos y haz que las cosas pasen. El sonido puede ayudarte con eso.&nbsp;<\/p>\n<h5 style=\"\">Mejora tu Concentraci\u00f3n y Memoria<\/h5>\n<p style=\"\">Puedes potenciar tu memoria y concentraci\u00f3n solo con escuchar frecuencias espec\u00edficas.&nbsp;<\/p>\n<h2 style=\"text-align: center;\">Alivio del Tinnitus<\/h2>\n<p style=\"\">El 10% de la poblaci\u00f3n mundial sufre de tinnitus, una condici\u00f3n que, hasta hoy, no ten\u00eda una cura efectiva. Blikol es un tratamiento de audioterapia innovador y 100% seguro que puedes realizar f\u00e1cilmente desde casa.Al identificar la frecuencia espec\u00edfica en la que se encuentra tu tinnitus, programaremos la aplicaci\u00f3n para que emita una frecuencia que entrenar\u00e1 a tu cerebro para que ignore el molesto zumbido en tu cabeza. Con solo escucharla durante una hora al d\u00eda desde la comodidad de tu hogar, experimentar\u00e1s incre\u00edbles beneficios a largo plazo, por primera vez en la tu vida.Est\u00e1 cient\u00edficamente validado y se ha demostrado que <strong>reduce hasta un 50% la percepci\u00f3n del tinnitus.<\/strong><\/p>\n<p><span><img loading=\"lazy\" decoding=\"async\" alt=\"\" data-id=\"168\" width=\"56\" data-init-width=\"56\" height=\"49\" data-init-height=\"49\" title=\"leaf\" loading=\"lazy\" src=\"\/\/www.jakexmusic.com\/wp-content\/uploads\/tcb_lp_templates\/templates\/css\/images\/leaf.png\" data-width=\"56\" data-height=\"49\" style=\"aspect-ratio: auto 56 \/ 49;\"><\/span><\/p>\n<h5 style=\"text-align: center;\">Producto Natural<\/h5>\n<p style=\"text-align: center;\">Se trata solamente de escuchar sonido y frecuencias que ayudar\u00e1n tu cerebro a ignorar el tinnitus.<\/p>\n<p><span><img loading=\"lazy\" decoding=\"async\" alt=\"\" data-id=\"169\" width=\"50\" data-init-width=\"50\" height=\"50\" data-init-height=\"50\" title=\"certificate\" loading=\"lazy\" src=\"\/\/www.jakexmusic.com\/wp-content\/uploads\/tcb_lp_templates\/templates\/css\/images\/certificate.png\" data-width=\"50\" data-height=\"50\" style=\"aspect-ratio: auto 50 \/ 50;\"><\/span><\/p>\n<h5 style=\"text-align: center;\">Terapia Certificada<\/h5>\n<p style=\"text-align: center;\">Es un tratamiento cient\u00edficamente aprobado y validado.<\/p>\n<p><span><img loading=\"lazy\" decoding=\"async\" alt=\"\" data-id=\"171\" width=\"48\" data-init-width=\"48\" height=\"48\" data-init-height=\"48\" title=\"happy\" loading=\"lazy\" src=\"\/\/www.jakexmusic.com\/wp-content\/uploads\/tcb_lp_templates\/templates\/css\/images\/happy.png\" data-width=\"48\" data-height=\"48\" style=\"aspect-ratio: auto 48 \/ 48;\"><\/span><\/p>\n<h5 style=\"text-align: center;\">Clientes Felices<\/h5>\n<p style=\"text-align: center;\">Cientos de personas se han sometido al tratamiento y registran un cambio tangible de la calidad de su vida.<\/p>\n<p><span><img loading=\"lazy\" decoding=\"async\" alt=\"\" data-id=\"309\" width=\"28\" data-init-width=\"43\" height=\"32\" data-init-height=\"49\" title=\"calendar\" loading=\"lazy\" src=\"\/\/www.jakexmusic.com\/wp-content\/uploads\/tcb_content_templates\/images\/calendar.png\" data-width=\"28\" data-height=\"32\" style=\"aspect-ratio: auto 43 \/ 49;\"><\/span><\/p>\n<h2 style=\"text-align: center;\">Agenda una Consulta Gratuita<\/h2>\n<p style=\"text-align: center;\">Aprende como el sonido puede mejorar la calidad de tu vida<\/p>\n","protected":false},"excerpt":{"rendered":"<p>Enter your text here&#8230; El Sonido Sana En la \u00faltima d\u00e9cada, la ciencia y la espiritualidad han empezado a ponerse de acuerdo en una cosa: EL SONIDO Y LAS FRECUENCIAS CURAN. Est\u00e1 m\u00e1s que comprobado que ciertos sonidos y vibraciones&#8230;<\/p>\n","protected":false},"author":1,"featured_media":0,"parent":0,"menu_order":0,"comment_status":"closed","ping_status":"closed","template":"","meta":{"footnotes":""},"class_list":["post-5643","page","type-page","status-publish","hentry"],"yoast_head":"<!-- This site is optimized with the Yoast SEO plugin v22.8 - https:\/\/yoast.com\/wordpress\/plugins\/seo\/ -->\n<title>Sanaci\u00f3n a trav\u00e9s del Sonido - JaKe X<\/title>\n<meta name=\"description\" content=\"Ciertos sonidos y frecuencias previenen las enfermedades y nos ayudan a sanar a nivel psico-emocional. Aprende mis servicios sobre este tema.\" \/>\n<meta name=\"robots\" content=\"index, follow, max-snippet:-1, max-image-preview:large, max-video-preview:-1\" \/>\n<link rel=\"canonical\" href=\"http:\/\/www.jakexmusic.com\/es\/sanacion-con-sonido\/\" \/>\n<script type=\"application\/ld+json\" class=\"yoast-schema-graph\">{\"@context\":\"https:\/\/schema.org\",\"@graph\":[]}<\/script>\n<!-- \/ Yoast SEO plugin. -->","yoast_head_json":{"title":"Sanaci\u00f3n a trav\u00e9s del Sonido - JaKe X","description":"Ciertos sonidos y frecuencias previenen las enfermedades y nos ayudan a sanar a nivel psico-emocional. Aprende mis servicios sobre este tema.","robots":{"index":"index","follow":"follow","max-snippet":"max-snippet:-1","max-image-preview":"max-image-preview:large","max-video-preview":"max-video-preview:-1"},"canonical":"http:\/\/www.jakexmusic.com\/es\/sanacion-con-sonido\/","schema":{"@context":"https:\/\/schema.org","@graph":[]}},"_links":{"self":[{"href":"http:\/\/www.jakexmusic.com\/es\/wp-json\/wp\/v2\/pages\/5643","targetHints":{"allow":["GET"]}}],"collection":[{"href":"http:\/\/www.jakexmusic.com\/es\/wp-json\/wp\/v2\/pages"}],"about":[{"href":"http:\/\/www.jakexmusic.com\/es\/wp-json\/wp\/v2\/types\/page"}],"author":[{"embeddable":true,"href":"http:\/\/www.jakexmusic.com\/es\/wp-json\/wp\/v2\/users\/1"}],"replies":[{"embeddable":true,"href":"http:\/\/www.jakexmusic.com\/es\/wp-json\/wp\/v2\/comments?post=5643"}],"version-history":[{"count":16,"href":"http:\/\/www.jakexmusic.com\/es\/wp-json\/wp\/v2\/pages\/5643\/revisions"}],"predecessor-version":[{"id":6095,"href":"http:\/\/www.jakexmusic.com\/es\/wp-json\/wp\/v2\/pages\/5643\/revisions\/6095"}],"wp:attachment":[{"href":"http:\/\/www.jakexmusic.com\/es\/wp-json\/wp\/v2\/media?parent=5643"}],"curies":[{"name":"wp","href":"https:\/\/api.w.org\/{rel}","templated":true}]}}