{"id":5518,"date":"2024-12-16T21:44:53","date_gmt":"2024-12-16T21:44:53","guid":{"rendered":"https:\/\/www.jakexmusic.com\/?page_id=5518"},"modified":"2026-03-14T17:24:25","modified_gmt":"2026-03-14T17:24:25","slug":"definicion-estrategia-marca","status":"publish","type":"page","link":"http:\/\/www.jakexmusic.com\/es\/definicion-estrategia-marca\/","title":{"rendered":"DEFINICI\u00d3N Y ESTRATEGIA DE MARCA"},"content":{"rendered":"<p>Enter your text here&#8230;<\/p>\n<h1 style=\"text-align: center;\">EL ARTE DE HACER LA DIFERENCIA<\/h1>\n<p style=\"text-align: center;\">TENER UNA MARCA FUERTE Y COMUNICARLA ADECUADAMENTE ES LA \u00daNICA OPORTUNIDAD DE LOGRAR una CARRERA Y UN NEGOCIO sostenibles a largo plazo.<\/p>\n<p style=\"\">Identifica tu para qu\u00e9<\/p>\n<p style=\"\">Define tus valores&nbsp;<\/p>\n<p style=\"\">Desarrolla tu misi\u00f3n y visi\u00f3n<\/p>\n<p style=\"\">haz la diferencia<\/p>\n<h2 style=\"text-align: center;\">el poder de la marca<\/h2>\n<p style=\"\">En un mundo en el que todos luchamos por llamar la atenci\u00f3n, destacarse requiere algo m\u00e1s que un buen producto. Requiere una marca que resuene, una historia que cautive y una estrategia que llegue a la audiencia adecuada.Me especializo en ayudar a personas y proyectos a desarrollar una marca que no solo represente lo que que hacen, sino que amplifique su voz, su mensaje y su visi\u00f3n. Acepta qui\u00e9n eres realmente, tu experiencia \u00fanica y construye una comunidad apasionada a tu alrededor. Eres m\u00e1s grande que lo que haces; eres PARA QU\u00c9 lo haces.<\/p>\n<h2 style=\"text-align: center;\">TU MARCA PERMITE<\/h2>\n<ul>\n<li style=\"\"><span style=\"\">Representar una idea y emociones en la mente y el coraz\u00f3n de las personas. Esto es mucho m\u00e1s potente que cualquier producto<\/span><\/li>\n<li><span>Expandir la monetizaci\u00f3n de tu trabajo<\/span><\/li>\n<li style=\"\"><span style=\"\">Desarrollar una visi\u00f3n empresarial m\u00e1s amplia, abriendo una cantidad ilimitada de oportunidades.<\/span><\/li>\n<li><span>Que tu historia contin\u00fae, asegurando que la gente te encuentre<\/span><\/li>\n<\/ul>\n<h2 style=\"text-align: center;\">PORTFOLIO<\/h2>\n<p style=\"text-align: center;\">Estas son algunas de las marcas con las que trabaj\u00e9<\/p>\n<h4 style=\"\">Yuval Salomon<\/h4>\n<p style=\"\">Pianista \/ Compositora<\/p>\n<p><span><img loading=\"lazy\" decoding=\"async\" alt=\"Brand Strategy\" data-id=\"5488\" width=\"350\" data-init-width=\"1728\" height=\"350\" data-init-height=\"1728\" title=\"Brand Strategy\" loading=\"lazy\" src=\"\/\/www.jakexmusic.com\/wp-content\/uploads\/2024\/12\/IMG_20180502_165728_751.jpg\" data-width=\"350\" data-height=\"350\" style=\"aspect-ratio: auto 1728 \/ 1728;\"><\/span><\/p>\n<h4 style=\"\">Tripla B<\/h4>\n<p style=\"\">Rapper \/ MC \/ Presentador<\/p>\n<p><span style=\"\"><img loading=\"lazy\" decoding=\"async\" alt=\"Tripla B\" data-id=\"5580\" width=\"319\" data-init-width=\"1170\" height=\"396\" data-init-height=\"1452\" title=\"Tripla B\" loading=\"lazy\" src=\"\/\/www.jakexmusic.com\/wp-content\/uploads\/2024\/12\/IMG_D1AD00EE3B53-1.jpeg\" data-width=\"319\" data-height=\"396\" style=\"aspect-ratio: auto 1170 \/ 1452;\" mt-d=\"-1.9879999999999995\" ml-d=\"0\"><\/span><\/p>\n<h4 style=\"\">Dest<\/h4>\n<p style=\"\">Rapper \/ Autor<\/p>\n<p><span style=\"\"><img loading=\"lazy\" decoding=\"async\" alt=\"Dest\" data-id=\"5730\" width=\"360\" data-init-width=\"1170\" height=\"358\" data-init-height=\"1163\" title=\"Dest\" loading=\"lazy\" src=\"\/\/www.jakexmusic.com\/wp-content\/uploads\/2025\/04\/IMG_137FB34C9D55-1.jpeg\" data-width=\"360\" data-height=\"358\" style=\"aspect-ratio: auto 1170 \/ 1163;\" mt-d=\"0\" ml-d=\"0\" center-h-d=\"false\"><\/span><\/p>\n<h4 style=\"\">Rugio<\/h4>\n<p style=\"\">Cantante<\/p>\n<p><span><img loading=\"lazy\" decoding=\"async\" alt=\"Brand Definition\" data-id=\"5494\" width=\"288\" data-init-width=\"1170\" height=\"358\" data-init-height=\"1455\" title=\"IMG_5329E20BC0C1-1\" loading=\"lazy\" src=\"\/\/www.jakexmusic.com\/wp-content\/uploads\/2024\/12\/IMG_5329E20BC0C1-1.jpeg\" data-width=\"288\" data-height=\"358\" style=\"aspect-ratio: auto 1170 \/ 1455;\"><\/span><\/p>\n<h4 style=\"\">Devis Gardin<\/h4>\n<p style=\"\">Cantante \/ Autor<\/p>\n<p><span style=\"\"><img loading=\"lazy\" decoding=\"async\" alt=\"Brand Strategy\" data-id=\"5491\" width=\"380\" data-init-width=\"1170\" height=\"428\" data-init-height=\"1318\" title=\"Brand Strategy\" loading=\"lazy\" src=\"\/\/www.jakexmusic.com\/wp-content\/uploads\/2024\/12\/IMG_94C35F288D09-1.jpeg\" data-width=\"380\" data-height=\"428\" style=\"aspect-ratio: auto 1170 \/ 1318;\" mt-d=\"0\" ml-d=\"-29\" center-h-d=\"false\"><\/span><\/p>\n<h4 style=\"\">Macarena Musante<\/h4>\n<p style=\"\">Terapeuta<\/p>\n<p><span style=\"\"><img loading=\"lazy\" decoding=\"async\" alt=\"Macarena Musante\" data-id=\"5908\" width=\"288\" data-init-width=\"1366\" height=\"432\" data-init-height=\"2048\" title=\"Macarena Musante\" loading=\"lazy\" src=\"\/\/www.jakexmusic.com\/wp-content\/uploads\/2025\/12\/rsz_39_maca_milaftp_feb2025.jpg\" data-width=\"288\" data-height=\"432\" style=\"aspect-ratio: auto 1366 \/ 2048;\" mt-d=\"-1.3500000000000227\" ml-d=\"0\"><\/span><\/p>\n<h2 style=\"text-align: center;\">Faqs<\/h2>\n<h2>Suscr\u00edbete a MI NEWSLETTER Y MANTENTE AL D\u00cdA<\/h2>\n<p style=\"\">Aseg\u00farate de no perderte nunca ninguna promoci\u00f3n, informaci\u00f3n, v\u00eddeo ni obsequio que anuncio peri\u00f3dicamente a trav\u00e9s de mi bolet\u00edn informativo.<\/p>\n<p><span><img loading=\"lazy\" decoding=\"async\" alt=\"jake x logo white\" data-id=\"5108\" width=\"507\" data-init-width=\"775\" height=\"346\" data-init-height=\"529\" title=\"jake x logo white\" loading=\"lazy\" src=\"\/\/www.jakexmusic.com\/wp-content\/uploads\/2024\/07\/logo-white.png\" data-width=\"507\" data-height=\"346\" style=\"aspect-ratio: auto 775 \/ 529;\"><\/span><\/p>\n","protected":false},"excerpt":{"rendered":"<p>Enter your text here&#8230; EL ARTE DE HACER LA DIFERENCIA TENER UNA MARCA FUERTE Y COMUNICARLA ADECUADAMENTE ES LA \u00daNICA OPORTUNIDAD DE LOGRAR una CARRERA Y UN NEGOCIO sostenibles a largo plazo. Identifica tu para qu\u00e9 Define tus valores&nbsp; Desarrolla&#8230;<\/p>\n","protected":false},"author":1,"featured_media":4248,"parent":0,"menu_order":0,"comment_status":"closed","ping_status":"closed","template":"","meta":{"footnotes":""},"class_list":["post-5518","page","type-page","status-publish","has-post-thumbnail","hentry"],"yoast_head":"<!-- This site is optimized with the Yoast SEO plugin v22.8 - https:\/\/yoast.com\/wordpress\/plugins\/seo\/ -->\n<title>DEFINICI\u00d3N Y ESTRATEGIA DE MARCA - JaKe X<\/title>\n<meta name=\"description\" content=\"Los artistas musicales no podr\u00e1n vivir de la m\u00fasica a menos que tengan una marca s\u00f3lida. Te ayudo a definir tu marca y la estrategia correcta\" \/>\n<meta name=\"robots\" content=\"index, follow, max-snippet:-1, max-image-preview:large, max-video-preview:-1\" \/>\n<link rel=\"canonical\" href=\"http:\/\/www.jakexmusic.com\/es\/definicion-estrategia-marca\/\" \/>\n<script type=\"application\/ld+json\" class=\"yoast-schema-graph\">{\"@context\":\"https:\/\/schema.org\",\"@graph\":[]}<\/script>\n<!-- \/ Yoast SEO plugin. -->","yoast_head_json":{"title":"DEFINICI\u00d3N Y ESTRATEGIA DE MARCA - JaKe X","description":"Los artistas musicales no podr\u00e1n vivir de la m\u00fasica a menos que tengan una marca s\u00f3lida. Te ayudo a definir tu marca y la estrategia correcta","robots":{"index":"index","follow":"follow","max-snippet":"max-snippet:-1","max-image-preview":"max-image-preview:large","max-video-preview":"max-video-preview:-1"},"canonical":"http:\/\/www.jakexmusic.com\/es\/definicion-estrategia-marca\/","schema":{"@context":"https:\/\/schema.org","@graph":[]}},"_links":{"self":[{"href":"http:\/\/www.jakexmusic.com\/es\/wp-json\/wp\/v2\/pages\/5518","targetHints":{"allow":["GET"]}}],"collection":[{"href":"http:\/\/www.jakexmusic.com\/es\/wp-json\/wp\/v2\/pages"}],"about":[{"href":"http:\/\/www.jakexmusic.com\/es\/wp-json\/wp\/v2\/types\/page"}],"author":[{"embeddable":true,"href":"http:\/\/www.jakexmusic.com\/es\/wp-json\/wp\/v2\/users\/1"}],"replies":[{"embeddable":true,"href":"http:\/\/www.jakexmusic.com\/es\/wp-json\/wp\/v2\/comments?post=5518"}],"version-history":[{"count":50,"href":"http:\/\/www.jakexmusic.com\/es\/wp-json\/wp\/v2\/pages\/5518\/revisions"}],"predecessor-version":[{"id":6508,"href":"http:\/\/www.jakexmusic.com\/es\/wp-json\/wp\/v2\/pages\/5518\/revisions\/6508"}],"wp:featuredmedia":[{"embeddable":true,"href":"http:\/\/www.jakexmusic.com\/es\/wp-json\/wp\/v2\/media\/4248"}],"wp:attachment":[{"href":"http:\/\/www.jakexmusic.com\/es\/wp-json\/wp\/v2\/media?parent=5518"}],"curies":[{"name":"wp","href":"https:\/\/api.w.org\/{rel}","templated":true}]}}