{"id":4690,"date":"2024-05-03T13:54:10","date_gmt":"2024-05-03T13:54:10","guid":{"rendered":"https:\/\/www.jakexmusic.com\/?page_id=4690"},"modified":"2024-07-20T20:01:30","modified_gmt":"2024-07-20T20:01:30","slug":"cursos","status":"publish","type":"page","link":"http:\/\/www.jakexmusic.com\/es\/cursos\/","title":{"rendered":"CURSOS"},"content":{"rendered":"<h2>Aprende nuevas t\u00e9cnicas o mejora las que ya posees<\/h2>\n<p>Hacer m\u00fasica y alcanzar tus objetivos requiere de un aprendizaje constante y el dominio de muchas habilidades. Ofrezco cursos personalizados seg\u00fan tus necesidades espec\u00edficas y nivel.<\/p>\n<p>&nbsp;<\/p>\n<p dir=\"ltr\" style=\"\">Me encanta ense\u00f1ar y transferir conocimientos, as\u00ed como ayudar a los artistas a dar forma a su propio sonido, identidad y marca. En la m\u00fasica, adquirir nuevas habilidades, mejorar las existentes y desarrollar el gusto es vital. Especialmente en esta era, donde la accesibilidad a una gran cantidad de material y cursos puede hacer que todos parezcamos iguales, &nbsp;dise\u00f1o espec\u00edficamente mis cursos de una manera en la que no s\u00f3lo aprender\u00e1s t\u00e9cnicas, sino que las har\u00e1s tuyas, haci\u00e9ndote las preguntas adecuadas y, en general, aplicando cualquier herramienta de forma proactiva y consciente. A continuaci\u00f3n podr\u00e1s encontrar los cursos que ofrezco.<\/p>\n<h2 style=\"text-align: center;\">PRODUCCI\u00d3N MUSICAL<\/h2>\n<p><span style=\"\"><img loading=\"lazy\" decoding=\"async\" alt=\"Music Production\" data-id=\"3642\" width=\"414\" data-init-width=\"1170\" height=\"221\" data-init-height=\"624\" title=\"Music Production\" loading=\"lazy\" src=\"\/\/www.jakexmusic.com\/wp-content\/uploads\/2022\/08\/IMG_1714.jpg\" data-width=\"414\" data-height=\"221\" style=\"aspect-ratio: auto 1170 \/ 624;\" ml-d=\"-44\" mt-d=\"0\" center-h-d=\"false\"><\/span><\/p>\n<p style=\"\">Nos sumergiremos en el fabuloso mundo de la producci\u00f3n musical, proporcion\u00e1ndote todas las herramientas necesarias para dar forma a tus ideas y hacerlas realidad.<\/p>\n<h2 style=\"text-align: center;\">MEZCLA Y MASTER<\/h2>\n<p><span><img loading=\"lazy\" decoding=\"async\" alt=\"\" data-id=\"3644\" width=\"324\" data-init-width=\"1170\" height=\"218\" data-init-height=\"788\" title=\"IMG_1717\" loading=\"lazy\" src=\"\/\/www.jakexmusic.com\/wp-content\/uploads\/2022\/08\/IMG_1717.jpg\" data-width=\"324\" data-height=\"218\" style=\"aspect-ratio: auto 1170 \/ 788;\"><\/span><\/p>\n<p style=\"\">Aprende a mezclar y masterizar adecuadamente tus canciones, adem\u00e1s de controlar a\u00fan m\u00e1s el proceso creativo y el impacto sonoro de tu m\u00fasica.<\/p>\n<h2 style=\"text-align: center;\">SONGWRITING<\/h2>\n<p><span><img loading=\"lazy\" decoding=\"async\" alt=\"Songwriting\" data-id=\"4681\" width=\"250\" data-init-width=\"1170\" height=\"218\" data-init-height=\"1019\" title=\"Songwriting\" loading=\"lazy\" src=\"\/\/www.jakexmusic.com\/wp-content\/uploads\/2024\/05\/IMG_0A8C7B130F39-1.jpeg\" data-width=\"250\" data-height=\"218\" style=\"aspect-ratio: auto 1170 \/ 1019;\"><\/span><\/p>\n<p style=\"\">Aprende a dominar varias t\u00e9cnicas de composici\u00f3n diferentes que har\u00e1n que tus canciones est\u00e9n mejor escritas, adem\u00e1s de potencial tu estilo comunicativo.<\/p>\n<h2 style=\"text-align: center;\">PREGUNTAS FRECUENTES<\/h2>\n<p style=\"text-align: center;\"><em><strong>P: \u00bfEstos cursos son en linea o presenciales?<\/strong><\/em>R: Todos los cursos se pueden hacer tanto en linea como presenciales (en Barcelona).<em><strong>P: \u00bfPuedo pedir un curso personalizado, dependiendo de mis necesidades?<\/strong><\/em>R: Absolutamente s\u00ed. Mis cursos siempre est\u00e1n ajustados seg\u00fan las necesidades de quienes participan. <em><strong>P: \u00bfQu\u00e9 necesito para empezar?<\/strong><\/em>R: Para el curso de songwriting, no necesitas nada. Para los cursos de producci\u00f3n musical, mezcla y master, necesitas al menos un ordenador con una DAW (yo utilizo Logic Pro 11), una interfaz de audio y un set de aud\u00edfonos. Si tienes parlantes mejor, pero no son obligatorios.<\/p>\n<h3 style=\"text-align: left;\">\u00bfQu\u00e9 es lo que te gustar\u00eda aprender o mejorar?<\/h3>\n<p dir=\"ltr\" style=\"\">Todos los cursos se pueden realizar personalmente conmigo en Barcelona (Espa\u00f1a) u online. Ponte en contacto y conoce todos los detalles.<\/p>\n<p>First NameEmail AddressMessageENVIAR SOLICITUD \u00bb<\/p>\n","protected":false},"excerpt":{"rendered":"<p>Aprende nuevas t\u00e9cnicas o mejora las que ya posees Hacer m\u00fasica y alcanzar tus objetivos requiere de un aprendizaje constante y el dominio de muchas habilidades. Ofrezco cursos personalizados seg\u00fan tus necesidades espec\u00edficas y nivel. &nbsp; Me encanta ense\u00f1ar y&#8230;<\/p>\n","protected":false},"author":1,"featured_media":0,"parent":0,"menu_order":0,"comment_status":"closed","ping_status":"closed","template":"","meta":{"footnotes":""},"class_list":["post-4690","page","type-page","status-publish","hentry"],"yoast_head":"<!-- This site is optimized with the Yoast SEO plugin v22.8 - https:\/\/yoast.com\/wordpress\/plugins\/seo\/ -->\n<title>Cursos de Producci\u00f3n Musical, Songwriting, Mezcla y Master<\/title>\n<meta name=\"description\" content=\"Aprende sobre los cursos impartidos por JaKe X sobre producci\u00f3n musical, mezcla y master, songwriting y negocio musical.\" \/>\n<meta name=\"robots\" content=\"index, follow, max-snippet:-1, max-image-preview:large, max-video-preview:-1\" \/>\n<link rel=\"canonical\" href=\"http:\/\/www.jakexmusic.com\/es\/cursos\/\" \/>\n<script type=\"application\/ld+json\" class=\"yoast-schema-graph\">{\"@context\":\"https:\/\/schema.org\",\"@graph\":[]}<\/script>\n<!-- \/ Yoast SEO plugin. -->","yoast_head_json":{"title":"Cursos de Producci\u00f3n Musical, Songwriting, Mezcla y Master","description":"Aprende sobre los cursos impartidos por JaKe X sobre producci\u00f3n musical, mezcla y master, songwriting y negocio musical.","robots":{"index":"index","follow":"follow","max-snippet":"max-snippet:-1","max-image-preview":"max-image-preview:large","max-video-preview":"max-video-preview:-1"},"canonical":"http:\/\/www.jakexmusic.com\/es\/cursos\/","schema":{"@context":"https:\/\/schema.org","@graph":[]}},"_links":{"self":[{"href":"http:\/\/www.jakexmusic.com\/es\/wp-json\/wp\/v2\/pages\/4690","targetHints":{"allow":["GET"]}}],"collection":[{"href":"http:\/\/www.jakexmusic.com\/es\/wp-json\/wp\/v2\/pages"}],"about":[{"href":"http:\/\/www.jakexmusic.com\/es\/wp-json\/wp\/v2\/types\/page"}],"author":[{"embeddable":true,"href":"http:\/\/www.jakexmusic.com\/es\/wp-json\/wp\/v2\/users\/1"}],"replies":[{"embeddable":true,"href":"http:\/\/www.jakexmusic.com\/es\/wp-json\/wp\/v2\/comments?post=4690"}],"version-history":[{"count":9,"href":"http:\/\/www.jakexmusic.com\/es\/wp-json\/wp\/v2\/pages\/4690\/revisions"}],"predecessor-version":[{"id":5069,"href":"http:\/\/www.jakexmusic.com\/es\/wp-json\/wp\/v2\/pages\/4690\/revisions\/5069"}],"wp:attachment":[{"href":"http:\/\/www.jakexmusic.com\/es\/wp-json\/wp\/v2\/media?parent=4690"}],"curies":[{"name":"wp","href":"https:\/\/api.w.org\/{rel}","templated":true}]}}