{"id":4444,"date":"2024-04-20T07:59:52","date_gmt":"2024-04-20T07:59:52","guid":{"rendered":"https:\/\/www.jakexmusic.com\/?page_id=4444"},"modified":"2025-10-31T14:03:41","modified_gmt":"2025-10-31T14:03:41","slug":"sobre-mi","status":"publish","type":"page","link":"http:\/\/www.jakexmusic.com\/es\/sobre-mi\/","title":{"rendered":"Sobre Mi"},"content":{"rendered":"<h2 style=\"text-align: center;\">COMO EMPEZ\u00d3&#8230;<\/h2>\n<p><span style=\"--tcb-applied-color: rgb(0, 0, 0) !important; color: rgb(0, 0, 0) !important;\">Nac\u00ed en 1987, en una peque\u00f1a ciudad del norte de Italia llamada Verona. Mi lazo con la m\u00fasica se gener\u00f3 a los 5 a\u00f1os, al escuchar un CD de Mozart que me regalaron mis padres. Fue amor a primera vista (o deber\u00eda decir primer escucho). A los 8 a\u00f1os comenc\u00e9 a tomar lecciones de guitarra que continuaron hasta los 15. Mientras tanto, ya hab\u00eda empezado a aprender piano por mi cuenta y finalmente me un\u00ed al curso de canto de la reconocida Laura Ruscelli cuando ten\u00eda 13 a\u00f1os. Llegu\u00e9 al canto porque, &nbsp;al escribir mis primeras canciones cuando ten\u00eda 11 a\u00f1os, sent\u00ed que necesitaba mejorar mis habilidades vocales para ser un mejor compositor y cantar mis propias canciones.Estos primeros a\u00f1os me conectaron inmediatamente con un sentimiento de plenitud y bien estar, sea que hac\u00eda m\u00fasica solo y con otros artistas. Mis primeras actuaciones tuvieron lugar cuando s\u00f3lo ten\u00eda 14 a\u00f1os y a los 16 me asignaron el papel protagonista de Febo en la reproducci\u00f3n del musical mundialmente reconocido \u00abNotre Dame de Paris\u00bb. Con este espect\u00e1culo recurrimos los principales teatros de mi regi\u00f3n durante el siguiente a\u00f1o y medio. Las innumerables horas de ensayos, los chistes, las peleas, las clases de actuaci\u00f3n y los problemas con mi cirug\u00eda de am\u00edgdalas que casi me sacan del cast principal, nunca los olvidar\u00e9. Todo fue perfecto, pura magia.<\/span><\/p>\n<p><span><img loading=\"lazy\" decoding=\"async\" alt=\"Jake X acting Febo\" data-id=\"4367\" width=\"370\" data-init-width=\"399\" height=\"556\" data-init-height=\"600\" title=\"Febo\" loading=\"lazy\" src=\"\/\/www.jakexmusic.com\/wp-content\/uploads\/2024\/04\/Febo.jpeg\" data-width=\"370\" data-height=\"556\" style=\"aspect-ratio: auto 399 \/ 600;\"><\/span><span style=\"\"><img loading=\"lazy\" decoding=\"async\" alt=\"FabulaMusica Flyer\" data-id=\"4369\" width=\"396\" data-init-width=\"495\" height=\"560\" data-init-height=\"700\" title=\"locandina_fabulaMusica_big\" loading=\"lazy\" src=\"\/\/www.jakexmusic.com\/wp-content\/uploads\/2024\/04\/locandina_fabulaMusica_big.jpeg\" data-width=\"396\" data-height=\"560\" style=\"aspect-ratio: auto 495 \/ 700;\" ml-d=\"-22.187999999999988\" mt-d=\"0\" center-h-d=\"false\"><\/span><span style=\"\"><img loading=\"lazy\" decoding=\"async\" alt=\"Walt Disney Musical\" data-id=\"4371\" width=\"795\" data-init-width=\"600\" height=\"560\" data-init-height=\"422\" title=\"Walt\" loading=\"lazy\" src=\"\/\/www.jakexmusic.com\/wp-content\/uploads\/2024\/04\/Walt.jpeg\" data-width=\"795\" data-height=\"560\" style=\"aspect-ratio: auto 600 \/ 422;\" ml-d=\"-256\" mt-d=\"0\" center-h-d=\"false\"><\/span><\/p>\n<h2 style=\"text-align: center;\">&#8230;COMO CONTINU\u00d3&#8230;<\/h2>\n<p><span style=\"--tcb-applied-color: rgb(0, 0, 0) !important; color: rgb(0, 0, 0) !important;\">En esos a\u00f1os escrib\u00ed un musical sobre Dr\u00e1cula que nunca vio la luz y finalmente se perdi\u00f3 (!!!). Mientras tanto, sent\u00ed crecer un amor espont\u00e1neo y aut\u00e9ntico que me atra\u00eda hacia el Rock y sobre todo el Metal. A los 18 a\u00f1os form\u00e9 mi primera banda oficial de covers de rock y despu\u00e9s de eso se alternaron muchas otras bandas y formaciones. Estuve haciendo muchas presentaciones en vivo (2\/3 por semana aproximadamente) que me hicieron cada vez m\u00e1s amigo del escenario, desde las situaciones con m\u00e1s p\u00fablico, hasta las aburridas donde \u00abel espect\u00e1culo debe continuar\u00bb.Desde mis 20 a\u00f1os hasta los 30, definitivamente pis\u00e9 el acelerador de mi carrera musical. Asist\u00ed durante 4 a\u00f1os al curso \u00abVoice Control\u00bb de <strong>Michele Luppi<\/strong> (Whitesnake, Mr Big, Vision Divine, etc.), grab\u00e9 EPs, discos y ediciones de sencillos con mis bandas de metal, me fu\u00ed de giras en diferentes pa\u00edses europeos con <strong>Sabaton, Lacuna Coil, Arch Enemy, At the Gates,<\/strong> hice una gira en Brasil con <strong>Blaze Bayley<\/strong> (ex cantante de <strong>Iron Maiden<\/strong>), cant\u00e9 con <strong>Jennifer Batten<\/strong> (ex guitarrista de <strong>Michael Jackson<\/strong>), actu\u00e9 en el escenario principal de <strong>Metal Days 2019.<\/strong><\/span><\/p>\n<p><span style=\"--tcb-applied-color: rgb(0, 0, 0) !important; color: rgb(0, 0, 0) !important;\">Desde el primer momento en el que pis\u00e9 sobre mi primer escenario hasta el d\u00eda de hoy, puedo contar con <strong>m\u00e1s de 500 conciertos<\/strong> por el mundo.&nbsp;<\/span><\/p>\n<p><span><img loading=\"lazy\" decoding=\"async\" alt=\"JaKe X - Arch Enemy\" data-id=\"3581\" width=\"563\" data-init-width=\"960\" height=\"375\" data-init-height=\"640\" title=\"JaKe X - Arch Enemy\" loading=\"lazy\" src=\"\/\/www.jakexmusic.com\/wp-content\/uploads\/2021\/09\/22405424_1619762291417845_6394815043189805763_n-1.jpeg\" data-width=\"563\" data-height=\"375\" style=\"aspect-ratio: auto 960 \/ 640;\"><\/span><span style=\"\"><img loading=\"lazy\" decoding=\"async\" alt=\"JaKe X and Sabaton\" data-id=\"3576\" width=\"669\" data-init-width=\"1334\" height=\"376\" data-init-height=\"750\" title=\"JaKe X and Sabaton\" loading=\"lazy\" src=\"\/\/www.jakexmusic.com\/wp-content\/uploads\/2021\/09\/15626388_10154919740158474_5733514230671111794_o-1.jpeg\" data-width=\"669\" data-height=\"376\" style=\"aspect-ratio: auto 1334 \/ 750;\" ml-d=\"-53\" mt-d=\"0\" center-h-d=\"true\"><\/span><span style=\"\"><img loading=\"lazy\" decoding=\"async\" alt=\"JaKe X with Break Free (Queen Tribute)\" data-id=\"3590\" width=\"748\" data-init-width=\"960\" height=\"502\" data-init-height=\"644\" title=\"JaKe X with Break Free (Queen Tribute)\" loading=\"lazy\" src=\"\/\/www.jakexmusic.com\/wp-content\/uploads\/2021\/09\/122751076_10159049542098474_1575728410601601224_n-1.jpeg\" data-width=\"748\" data-height=\"502\" style=\"aspect-ratio: auto 960 \/ 644;\" ml-d=\"-95\" mt-d=\"0\" center-h-d=\"true\"><\/span><span style=\"\"><img loading=\"lazy\" decoding=\"async\" alt=\"Arch Enemy - Russia\" data-id=\"3583\" width=\"669\" data-init-width=\"2048\" height=\"502\" data-init-height=\"1536\" title=\"Arch Enemy - Russia\" loading=\"lazy\" src=\"\/\/www.jakexmusic.com\/wp-content\/uploads\/2021\/09\/22499239_10155896286538474_8971632246555223121_o-1.jpeg\" data-width=\"669\" data-height=\"502\" style=\"aspect-ratio: auto 2048 \/ 1536;\" ml-d=\"-53\" mt-d=\"0\" center-h-d=\"true\"><\/span><span style=\"\"><img loading=\"lazy\" decoding=\"async\" alt=\"With Jennifer Batten\" data-id=\"4375\" width=\"771\" data-init-width=\"1170\" height=\"501\" data-init-height=\"760\" title=\"With Jennifer Batten\" loading=\"lazy\" src=\"\/\/www.jakexmusic.com\/wp-content\/uploads\/2024\/04\/IMG_B64C78300ACA-1.jpeg\" data-width=\"771\" data-height=\"501\" style=\"aspect-ratio: auto 1170 \/ 760;\" ml-d=\"0\" mt-d=\"0\" center-h-d=\"false\"><\/span><span style=\"\"><img loading=\"lazy\" decoding=\"async\" alt=\"With Sabaton\" data-id=\"3575\" width=\"669\" data-init-width=\"1600\" height=\"502\" data-init-height=\"1200\" title=\"With Sabaton\" loading=\"lazy\" src=\"\/\/www.jakexmusic.com\/wp-content\/uploads\/2021\/09\/15440539_10154919740798474_5131032796545470358_o-1.jpeg\" data-width=\"669\" data-height=\"502\" style=\"aspect-ratio: auto 1600 \/ 1200;\" ml-d=\"-53\" mt-d=\"0\" center-h-d=\"true\"><\/span><\/p>\n<h2 style=\"text-align: center;\">&#8230;COMO EVOLUCION\u00d3&#8230;<\/h2>\n<p><span style=\"--tcb-applied-color: rgb(0, 0, 0) !important; color: rgb(0, 0, 0) !important;\">Mientras tanto viajaba por el mundo con mi m\u00fasica, estudiaba composici\u00f3n, producci\u00f3n musical, mezcla y masterizaci\u00f3n, dise\u00f1o de sonido y management musical. Todo esto, en preparaci\u00f3n para el gran salto: dejar mi trabajo para dedicarme completamente en la m\u00fasica. Pisando los 30 a\u00f1os, decid\u00ed que ya era hora de empezar a despertarme por la ma\u00f1ana y pensar las 24 horas del d\u00eda, los 7 d\u00edas de la semana en lo que m\u00e1s amaba en la vida. Desde entonces, he a\u00f1adido a mi curr\u00edculum varias producciones importantes para <strong>MTV, SKY TV, Tether, Plan B Lugano, NetApp, Hot Wheels,<\/strong> compuse la banda sonora del documental llamado \u00abDigital for Humanity\u00bb de Italian Film, compuse una espect\u00e1culo de circo para Danrie (La Casa Blanca, Cirque du Soleil, The Hollywood Bowl, San Diego Music Theatre).Fui invitado a dar conferencias en la <strong>Universidad profesional SUPSI en Suiza<\/strong> y en la prestigiosa instituci\u00f3n de <strong>dise\u00f1o internacional LCI en Barcelona<\/strong> sobre \u00abAplicaciones del sonido en marketing e influencias en el comportamiento humano\u00bb. Di varias conferencias a grupos de reuniones de empresas y marcas sobre m\u00fasica, sonido y marketing.M\u00e1s recientemente, agregu\u00e9 a mi curr\u00edculum el show en el <strong>Ministry of Sound (Londres),&nbsp;<\/strong>antes de <strong>Steve Aoki<\/strong>, tres shows durante <strong>ADE 2023 (Amsterdam)<\/strong> y tres shows durante la <strong>Miami Music Week 2024<\/strong>, con mi proyecto MJE.<\/span><\/p>\n<p><span style=\"--tcb-applied-color: rgb(0, 0, 0) !important; color: rgb(0, 0, 0) !important;\">En 2025, me un\u00ed a la direcci\u00f3n art\u00edstica del nuevo programa de televisi\u00f3n <strong>Win Dance Academy<\/strong> junto con el format consolidado&nbsp;<strong>NoKep Generation<\/strong>, para el que he estado componiendo toda la m\u00fasica durante los \u00faltimos tres a\u00f1os. En esta temporada, el programa alcanz\u00f3 su m\u00e1ximo hist\u00f3rico, con un <strong>promedio de 2 millones de espectadores por episodio.<\/strong> El programa, respaldado por Warner Music Italia, se emite en dos canales de SKY, una de las principales cadenas de televisi\u00f3n internacionales de la UE. Al mismo tiempo, abr\u00ed mi Centro Media llamado&nbsp;<\/span><a href=\"https:\/\/www.sonichorizon.net\/en\/\" target=\"_blank\" style=\"outline: none;\"><strong><span style=\"--tcb-applied-color: rgb(0, 0, 0) !important; color: rgb(0, 0, 0) !important;\">Sonic Horizon<\/span><\/strong><\/a><span style=\"--tcb-applied-color: rgb(0, 0, 0) !important; color: rgb(0, 0, 0) !important;\">.&nbsp;<\/span><\/p>\n<p><span><img loading=\"lazy\" decoding=\"async\" alt=\"MJE in London\" data-id=\"4243\" width=\"370\" data-init-width=\"1170\" height=\"458\" data-init-height=\"1447\" title=\"MJE in London\" loading=\"lazy\" src=\"\/\/www.jakexmusic.com\/wp-content\/uploads\/2023\/10\/Visualizza-foto-recenti-2.jpeg\" data-width=\"370\" data-height=\"458\" style=\"aspect-ratio: auto 1170 \/ 1447;\"><\/span><span style=\"\"><img loading=\"lazy\" decoding=\"async\" alt=\"JaKe X NoKep TV\" data-id=\"5759\" width=\"459\" data-init-width=\"1170\" height=\"460\" data-init-height=\"1172\" title=\"JaKe X NoKep TV\" loading=\"lazy\" src=\"\/\/www.jakexmusic.com\/wp-content\/uploads\/2025\/05\/IMG_0731.jpg\" data-width=\"459\" data-height=\"460\" style=\"aspect-ratio: auto 1170 \/ 1172;\" ml-d=\"-48\" mt-d=\"0\" center-h-d=\"false\"><\/span><span style=\"\"><img loading=\"lazy\" decoding=\"async\" alt=\"NoKep Generation\" data-id=\"5763\" width=\"459\" data-init-width=\"1080\" height=\"459\" data-init-height=\"1080\" title=\"NoKep Generation\" loading=\"lazy\" src=\"\/\/www.jakexmusic.com\/wp-content\/uploads\/2025\/05\/NoKep-2.jpg\" data-width=\"459\" data-height=\"459\" style=\"aspect-ratio: auto 1080 \/ 1080;\" ml-d=\"-30\" mt-d=\"0\" center-h-d=\"false\"><\/span><\/p>\n<h2 style=\"text-align: center;\">&#8230;HASTA EL D\u00cdA DE HOY<\/h2>\n<p><span style=\"--tcb-applied-color: rgb(0, 0, 0) !important; color: rgb(0, 0, 0) !important;\">En la actualidad, estoy activo con mi proyecto solista JaKe X, como cantante y productor de MJE, dise\u00f1ador de sonido y productor para artistas y marcas, compositor oficial de Chroma Music, manager y director art\u00edstico de algunos artistas, adem\u00e1s de dirigir mi propia agencia de management. La m\u00fasica es y ha sido toda mi vida y nunca se lo agradecer\u00e9 lo suficiente.<\/span><\/p>\n<\/p>\n<h3 style=\"text-align: center;\"><em><span style=\"--tcb-applied-color: rgb(0, 0, 0) !important; color: rgb(0, 0, 0) !important;\">CREO QUE NOSOTROS, LOS ARTISTAS MUSICALES, PODEMOS SANARNOS ENCONTRANDO NUESTRA AUTENTICIDAD CON Y A TRAV\u00c9S DE LA M\u00daSICA. DE ESTA FORMA, CONTRIBUIREMOS A SANAR ESTE MUNDO.&nbsp;<\/span><\/em><\/h3>\n","protected":false},"excerpt":{"rendered":"<p>COMO EMPEZ\u00d3&#8230; Nac\u00ed en 1987, en una peque\u00f1a ciudad del norte de Italia llamada Verona. Mi lazo con la m\u00fasica se gener\u00f3 a los 5 a\u00f1os, al escuchar un CD de Mozart que me regalaron mis padres. Fue amor a&#8230;<\/p>\n","protected":false},"author":1,"featured_media":3526,"parent":0,"menu_order":0,"comment_status":"closed","ping_status":"closed","template":"","meta":{"footnotes":""},"class_list":["post-4444","page","type-page","status-publish","has-post-thumbnail","hentry"],"yoast_head":"<!-- This site is optimized with the Yoast SEO plugin v22.8 - https:\/\/yoast.com\/wordpress\/plugins\/seo\/ -->\n<title>Sobre Mi - JaKe X<\/title>\n<meta name=\"description\" content=\"Aprende m\u00e1s sobre JaKe X, el curriculum, la procedencia, la carrera, las colaboraciones y todos los logros principales.\" \/>\n<meta name=\"robots\" content=\"index, follow, max-snippet:-1, max-image-preview:large, max-video-preview:-1\" \/>\n<link rel=\"canonical\" href=\"http:\/\/www.jakexmusic.com\/es\/sobre-mi\/\" \/>\n<script type=\"application\/ld+json\" class=\"yoast-schema-graph\">{\"@context\":\"https:\/\/schema.org\",\"@graph\":[]}<\/script>\n<!-- \/ Yoast SEO plugin. -->","yoast_head_json":{"title":"Sobre Mi - JaKe X","description":"Aprende m\u00e1s sobre JaKe X, el curriculum, la procedencia, la carrera, las colaboraciones y todos los logros principales.","robots":{"index":"index","follow":"follow","max-snippet":"max-snippet:-1","max-image-preview":"max-image-preview:large","max-video-preview":"max-video-preview:-1"},"canonical":"http:\/\/www.jakexmusic.com\/es\/sobre-mi\/","schema":{"@context":"https:\/\/schema.org","@graph":[]}},"_links":{"self":[{"href":"http:\/\/www.jakexmusic.com\/es\/wp-json\/wp\/v2\/pages\/4444","targetHints":{"allow":["GET"]}}],"collection":[{"href":"http:\/\/www.jakexmusic.com\/es\/wp-json\/wp\/v2\/pages"}],"about":[{"href":"http:\/\/www.jakexmusic.com\/es\/wp-json\/wp\/v2\/types\/page"}],"author":[{"embeddable":true,"href":"http:\/\/www.jakexmusic.com\/es\/wp-json\/wp\/v2\/users\/1"}],"replies":[{"embeddable":true,"href":"http:\/\/www.jakexmusic.com\/es\/wp-json\/wp\/v2\/comments?post=4444"}],"version-history":[{"count":26,"href":"http:\/\/www.jakexmusic.com\/es\/wp-json\/wp\/v2\/pages\/4444\/revisions"}],"predecessor-version":[{"id":5883,"href":"http:\/\/www.jakexmusic.com\/es\/wp-json\/wp\/v2\/pages\/4444\/revisions\/5883"}],"wp:featuredmedia":[{"embeddable":true,"href":"http:\/\/www.jakexmusic.com\/es\/wp-json\/wp\/v2\/media\/3526"}],"wp:attachment":[{"href":"http:\/\/www.jakexmusic.com\/es\/wp-json\/wp\/v2\/media?parent=4444"}],"curies":[{"name":"wp","href":"https:\/\/api.w.org\/{rel}","templated":true}]}}