{"id":3634,"date":"2022-08-03T17:48:22","date_gmt":"2022-08-03T17:48:22","guid":{"rendered":"http:\/\/www.jakexmusic.com\/?page_id=3634"},"modified":"2025-05-20T10:53:35","modified_gmt":"2025-05-20T10:53:35","slug":"produccion-musical","status":"publish","type":"page","link":"http:\/\/www.jakexmusic.com\/es\/produccion-musical\/","title":{"rendered":"PRODUCCI\u00d3N MUSICAL Y ESTUDIO DE GRABACI\u00d3N"},"content":{"rendered":"<p><a href=\"https:\/\/www.estudilocal.cat\/es\/\" target=\"_blank\"><\/a><\/p>\n<h2 style=\"text-align: center;\">Produce tu canci\u00f3n, EP o Album<\/h2>\n<p>Producir m\u00fasica no se trata s\u00f3lo de grabarla y ponerla a disposici\u00f3n para escucharla: es el proceso sagrado durante el cual tus ideas se vuelven tangibles y vibrantes, entregando todo aquello que te hace \u00fanico. Mi enfoque es simple: t\u00fa te encargas de hacerme saber lo que hay dentro de tu cabeza y alma, adem\u00e1s de c\u00f3mo esperas sentirte al escuchar tu m\u00fasica&#8230;. Yo me encargar\u00e9 de llevarte a un viaje que eventualmente dar\u00e1 origen a tus canciones.<\/p>\n<p dir=\"ltr\">Cuando comenc\u00e9 a aprender a producir, mezclar y masterizar fue por una sola raz\u00f3n: no me sent\u00eda completamente comprendido, escuchado y guiado cuando por fui grabado y producido por productores \u00abtradicionales\u00bb, incluso los m\u00e1s reconocidos. Ten\u00eda esta idea rom\u00e1ntica pero muy firme de c\u00f3mo esperaba que fuera el proceso creativo del estudio: un viaje en el que dos o m\u00e1s personas pod\u00edan perderse juntas para volver a encontrarse con una maravillosa obra de arte en las manos.Entonces se hizo realidad y mi m\u00e9todo de trabajo&#8230; No \u00absolo\u00bb produzco artistas, viajo con y a trav\u00e9s de ellos, gui\u00e1ndolos y utilizando mi experiencia para que realmente se conecten con su potencial creativo y su mundo interior m\u00e1s profundo. Si tendr\u00e9 el placer de trabajar contigo, debes saber que producir tu m\u00fasica con los m\u00e1s altos est\u00e1ndares de la industria ser\u00e1 solo una parte de lo que har\u00e9 por ti. Te preguntar\u00e9 qui\u00e9n eres realmente, a qu\u00e9 aspiras, qu\u00e9 es lo que est\u00e1s tratando de poner en m\u00fasica que aparentemente no puede canalizarse de otra manera. Intentar\u00e9 conectarme contigo a un nivel m\u00e1s profundo; ese nivel que realmente crea arte asombroso sin l\u00edmites.<\/p>\n<h2 style=\"text-align: center;\">PRODUCCI\u00d3N Y GRABACI\u00d3N<\/h2>\n<p style=\"\">Ofrezco una gama completa de servicios por parte del<strong> <a href=\"https:\/\/www.estudilocal.cat\/es\/\" target=\"_blank\" style=\"outline: none;\">Estudi Local<\/a><\/strong> en Barcelona equipado con material de alta calidad. Es posible solicitar m\u00fasicos de sesi\u00f3n profesionales y con experiencia. Puedo encargarme de Pop, Rock, Indie, EDM y todas las subcategor\u00edas, Hip Hop, R&amp;B, Soul, m\u00fasica para pel\u00edculas y marcas. Trabajo con Logic Pro X y todos los softwares de \u00faltima generaci\u00f3n para ofrecer producciones de la m\u00e1s alta calidad.<\/p>\n<h2 style=\"text-align: center;\">MEZCLA Y MASTER<\/h2>\n<h3>\u00bfQu\u00e9 es la mezcla y para qu\u00e9 sirve?<\/h3>\n<p style=\"\">La mezcla es el proceso de ajustar todas las pistas individuales para obtener un sonido equilibrado, sin espacios ni superposici\u00f3n de frecuencias, haciendo que todos los componentes de la canci\u00f3n se aprecien claramente.La mezcla debe tener en cuenta el deseo y la expectativa del artista aunque debe respetar y seguir las pautas del g\u00e9nero y los est\u00e1ndares de mercado. Este proceso incluye:Coincidencia de nivelesEcualizaci\u00f3nCompresi\u00f3nImagen est\u00e9reoEfectos<\/p>\n<h3>\u00bfQu\u00e9 es el master y para qu\u00e9 sirve?<\/h3>\n<p><span style=\"--tcb-applied-color: rgb(254, 254, 254) !important; color: rgb(254, 254, 254) !important;\">El paso final de una o varias canciones se conoce mejor como Mastering. Este paso sigue a la mezcla y precede a la publicaci\u00f3n del trabajo (f\u00edsicamente y\/o digitalmente).Consiste en la optimizaci\u00f3n de la(s) canci\u00f3n(es) seg\u00fan los par\u00e1metros de la plataforma\/soporte de destino. Si lo solicita, puedo insertar sus c\u00f3digos ISRC, MetaTag, etc. que me proporcionar\u00e1s.La masterizaci\u00f3n se considera com\u00fanmente como el proceso que hace que la m\u00fasica suba el volumen. En realidad hace mucho m\u00e1s que esto.Adem\u00e1s de que maneja aquellos problemas que pueden ocurrir dentro del espectro de audio de una canci\u00f3n, optimiza el rango din\u00e1mico para explotarlo al m\u00e1ximo, la ampliaci\u00f3n est\u00e9reo, el dithering, etc. Sin embargo, puede agregar una marca distintiva de el artista\/productor, convirti\u00e9ndose tambi\u00e9n en una herramienta creativa.<\/span><\/p>\n<h2 style=\"text-align: center;\">\u00bfPor qu\u00e9 necesito mezcla y master?<\/h2>\n<p style=\"\">#1 Beneficio<\/p>\n<p style=\"\">Evita que una buena idea suene mal, generando un sentimiento negativo que dif\u00edcilmente se puede convertir.<\/p>\n<p style=\"\">#2 Beneficio<\/p>\n<p style=\"\">Hace que todos los instrumentos y pistas se escuchen claramente y equilibra la salida.<\/p>\n<p style=\"\">#3 Beneficio<\/p>\n<p style=\"\">Le da a tu m\u00fasica un toque \u00fanico, creando un sonido personal y distintivo.<\/p>\n<p style=\"\">#4 Beneficio<\/p>\n<p style=\"\">Cumple con RMS, LUFS y todos los par\u00e1metros seg\u00fan cada plataforma de streaming.<\/p>\n<h2 style=\"text-align: center;\">MUESTRAS<\/h2>\n<h2 style=\"text-align: center;\">PREGUNTAS FRECUENTES<\/h2>\n<p style=\"text-align: center;\"><strong>P: \u00bfD\u00f3nde se encuentra el estudio de grabaci\u00f3n?<\/strong>R: En Barcelona<em><strong>P: \u00bfPodemos trabajar a la distancia, si no estoy en la misma ciudad?<\/strong><\/em>R: Por supuesto. Puedo producir, mezclar y hacer el master de tu m\u00fasica aunque no estemos f\u00edsicamente en el mismo sitio. &nbsp;<em><strong>P: \u00bfDe qu\u00e9 material dispone el estudio?<\/strong><\/em>R: Aqu\u00ed a bajo puedes ver todo en el detalle.<\/p>\n<p><span><img loading=\"lazy\" decoding=\"async\" alt=\"Material Estudio Grabaci\u00f3n\" data-id=\"5057\" width=\"1140\" data-init-width=\"1920\" height=\"432\" data-init-height=\"728\" title=\"Material Estudio Grabaci\u00f3n\" loading=\"lazy\" src=\"\/\/www.jakexmusic.com\/wp-content\/uploads\/2024\/07\/Screenshot-2024-07-01-alle-14.18.36.png\" data-width=\"1140\" data-height=\"432\" style=\"aspect-ratio: auto 1920 \/ 728;\"><\/span><\/p>\n<h2 style=\"text-align: center;\">Pide una cotizaci\u00f3n<\/h2>\n<p style=\"text-align: center;\">Escr\u00edbeme y pres\u00e9ntame tu proyecto: analicemos qu\u00e9 es lo mejor para tu idea y recibe una cotizaci\u00f3n personalizada. Si tambi\u00e9n necesitas asesoramiento sobre promoci\u00f3n y management, vista mi p\u00e1gina de servicios de <a href=\"https:\/\/www.jakexmusic.com\/es\/management\/\" target=\"_blank\" style=\"outline: none;\">management musical<\/a>.&nbsp;<\/p>\n<h3 style=\"text-align: center;\"><\/h3>\n<h2 style=\"text-align: center;\">M\u00daSICA PARA PEL\u00cdCULAS, MARCAS Y VIDEOJUEGOS<\/h2>\n<\/p>\n<h3>Video, Pel\u00edculas, Videojuegos, Comerciales: cada uno con su m\u00fasica<\/h3>\n<\/p>\n<p>Compongo m\u00fasica y me encargo del dise\u00f1o de sonido para varios proyectos audiovisuales para marcas y pel\u00edculas, cortometrajes, videos, comerciales, videojuegos.<\/p>\n<\/p>\n<blockquote style=\"text-align: center;\"><p>\u201cSi se puede escribir o pensar, se puede filmar\u00bb. Stanley Kubrick<\/p><\/blockquote>\n<blockquote style=\"color: rgb(255, 255, 255) !important; --tcb-applied-color:rgb(255, 255, 255)  !important; text-align: center;\"><p>&#8230;.. si se puede filmar, hay que darle su m\u00fasica!!<\/p><\/blockquote>\n<p>La m\u00fasica siempre ha tenido un tremendo impacto emocional ya sea con im\u00e1genes o videos. La obra del compositor debe desarrollarse codo a codo con la del director para poder expresar plenamente la idea, la visi\u00f3n y los sentimientos deseados. La uni\u00f3n de ambos dar\u00e1 lugar a una sensaci\u00f3n y experiencia sumamente intensa.Entonces, ya sea para una pel\u00edcula, un cortometraje, un video de empresa y\/o material de definici\u00f3n de marca, videojuegos, necesitas m\u00fasica espec\u00edfica para tus proyectos.Mire el video a continuaci\u00f3n y escuche algunas canciones que puede transmitir aqu\u00ed a continuaci\u00f3n para tener una idea de lo que mi m\u00fasica puede agregar a tu obra.<\/p>\n<h2 style=\"text-align: center;\">PREGUNTAS FRECUENTES<\/h2>\n<p style=\"text-align: center;\"><em><strong>P: \u00bfHaces tambi\u00e9n logotipos sonoros?<\/strong><\/em>R: S\u00ed, tambi\u00e9n hago m\u00fasica para las marcas.<em><strong>P: \u00bfPara pel\u00edculas, series y documentales, trabajas por escena o por proyecto entero?<\/strong><\/em>A: Estoy abierto a las dos cosas.<em><strong>P: Para mi proyecto, necesito grabaciones espec\u00edficas y sonidos de un particular lugar, ambiente, animal etc. \u00bfPuedes encargarte de eso?<\/strong><\/em>R: S\u00ed, totalmente. Com\u00e9ntame sobre tus necesidades y te dir\u00e9 como lo conseguiremos.&nbsp;<em><strong>P: \u00bfTe encargas tambi\u00e9n de mezcla y audio espacial?<\/strong><\/em> R: S\u00ed, tambi\u00e9n.<em><strong>P: Necesito m\u00fasica y sonidos para mi aplicaci\u00f3n y\/o software. \u00bfPuedes hacerlo?<\/strong><\/em>A: S\u00ed, puedo.&nbsp;<\/p>\n<h2 style=\"text-align: center;\">H\u00e1blame de tu proyecto<\/h2>\n<p style=\"text-align: center;\">Escr\u00edbeme y pres\u00e9ntame tu proyecto: analicemos qu\u00e9 es lo mejor para tu idea y recibe una cotizaci\u00f3n personalizada.<\/p>\n<p style=\"text-align: center;\">\u00bfQuieres aprender a producir m\u00fasica? Visita la p\u00e1gina con todos mis <a href=\"https:\/\/www.jakexmusic.com\/es\/cursos\/\" target=\"_blank\" style=\"outline: none;\">cursos<\/a>.<\/p>\n<h2 style=\"text-align: center;\"><\/h2>\n<h2 style=\"text-align: center;\">SONGWRITING Y ARREGLO MUSICAL<\/h2>\n<h3>Convierte tus ideas en m\u00fasica<\/h3>\n<\/p>\n<p>\u00bfTienes algunas letras, una l\u00ednea vocal genial o simplemente quieres plasmar en m\u00fasica una idea tuya para ti o para tu banda? Entonces necesitas un songwriter y un compositor.<\/p>\n<\/p>\n<p style=\"font-size: 14px !important;\">Durante m\u00e1s de 15 a\u00f1os he ido acumulando experiencias entre varios g\u00e9neros diferentes (rock, metal, pop, electr\u00f3nica, funky, etc.). Puedo escribir letras, melod\u00edas, composiciones y arreglos seg\u00fan tus necesidades, para artistas solistas, d\u00fao\/tr\u00edo, bandas, etc.\u00bfNo estamos geogr\u00e1ficamente cerca? Ning\u00fan problema. Es posible trabajar en l\u00ednea y hacer el trabajo.<\/p>\n<h2 style=\"text-align: center;\">Testimonios<\/h2>\n<h1><\/h1>\n<p>Adem\u00e1s de ser un gran compositor, Jake trabaj\u00f3 mucho para ayudarme a poner mi car\u00e1cter y mi mente en la m\u00fasica. No fue s\u00f3lo un trabajo por encargo, sino una canci\u00f3n totalmente personalizada.<\/p>\n<p style=\"text-align: left;\"><span style=\"font-family: &quot;Playfair Display&quot;; font-weight: 400;\"><strong><em><span style=\"font-size: 20px;\">Marco<\/span><\/em><\/strong><\/span><\/p>\n<p style=\"text-align: left;\"><span style=\"font-family: &quot;Playfair Display&quot;; font-weight: 400;\"><strong><em><span style=\"font-size: 20px;\"><\/span><\/em><\/strong><\/span><span style=\"font-family: &quot;Playfair Display&quot;; font-weight: 400;\"><strong><em><span style=\"color: rgb(249, 239, 237);\"><\/span><\/em><\/strong><\/span><\/p>\n<h1><\/h1>\n<p>Hay gente que trabaja con m\u00fasica y luego hay artistas que crean para ellos y para los dem\u00e1s. La pasi\u00f3n y el compromiso que tiene para calarse en la mente de las personas es notable, adem\u00e1s de muy dif\u00edcil de encontrar.<\/p>\n<p style=\"text-align: left;\"><span style=\"font-family: &quot;Playfair Display&quot;; font-weight: 400;\"><strong><em><span style=\"font-size: 20px;\">Mattia&nbsp;<\/span><\/em><\/strong><\/span><span style=\"font-family: &quot;Playfair Display&quot;; font-weight: 400;\"><strong><em><\/em><\/strong><\/span><span style=\"font-family: &quot;Playfair Display&quot;; font-weight: 400;\"><strong><em><span style=\"color: rgb(249, 239, 237);\"><\/span><\/em><\/strong><\/span><\/p>\n<h1><\/h1>\n<p>Trabaj\u00e9 varias veces con Jake y todav\u00eda me deja asombrada porque saca algo de mi personalidad art\u00edstica que yo misma no sab\u00eda que exist\u00eda. Adem\u00e1s de estar siempre sumamente satisfecha con los trabajos, siento que estoy creciendo todo el tiempo, como artista y cantante.<\/p>\n<p style=\"text-align: left;\"><span style=\"font-family: &quot;Playfair Display&quot;; font-weight: 400;\"><strong><em><span style=\"font-size: 20px;\">Julia<\/span><\/em><\/strong><\/span><span style=\"font-family: &quot;Playfair Display&quot;; font-weight: 400;\"><strong><em><span style=\"color: rgb(249, 239, 237);\"><\/span><\/em><\/strong><\/span><\/p>\n<h2 style=\"text-align: center;\">PREGUNTAS FRECUENTES<\/h2>\n<p style=\"text-align: center;\"><em><strong>P: Tengo letras pero no tengo la melod\u00eda vocal. \u00bfPuedes componer una melod\u00eda de la voz con mis letras?<\/strong><\/em> R: S\u00ed, por supuesto.<em><strong>P: Tengo beat\/instrumental pero me gustar\u00eda volver a hacer la producci\u00f3n y el arreglo desde cero. \u00bfSe puede?<\/strong><\/em>R: S\u00ed, claro. Puedo producir un beat\/instrumental totalmente desde cero seg\u00fan tus preferencias. <em><strong>P: \u00bfQu\u00e9 instrumentos pueden ir dentro de la composici\u00f3n?<\/strong><\/em>R: Los que quieras. Tanto los anal\u00f3gicos como guitarra y piano (que tocar\u00eda yo mismo), instrumentos de orquesta y bater\u00eda como todo tipo de instrumentos virtuales y sintetizadores.<em><strong>P: \u00bfPuedo contratarte solo para tu voz, guitarra o piano en mi canci\u00f3n?<\/strong><\/em> R: S\u00ed, absolutamente.&nbsp;<\/p>\n<h3 style=\"text-align: left; color: rgb(255, 255, 255) !important; --tcb-applied-color: rgb(255, 255, 255) !important;\">Pide una cotizaci\u00f3n<\/h3>\n<p style=\"color: rgb(255, 255, 255) !important; --tcb-applied-color: rgb(255, 255, 255) !important;\">Pres\u00e9ntame tu proyecto y obt\u00e9n una cotizaci\u00f3n personalizada.<\/p>\n<p>First NameEmail AddressMessageENVIAR MENSAJE \u00bb<\/p>\n","protected":false},"excerpt":{"rendered":"<p>Produce tu canci\u00f3n, EP o Album Producir m\u00fasica no se trata s\u00f3lo de grabarla y ponerla a disposici\u00f3n para escucharla: es el proceso sagrado durante el cual tus ideas se vuelven tangibles y vibrantes, entregando todo aquello que te hace&#8230;<\/p>\n","protected":false},"author":1,"featured_media":0,"parent":0,"menu_order":0,"comment_status":"closed","ping_status":"closed","template":"","meta":{"footnotes":""},"class_list":["post-3634","page","type-page","status-publish","hentry"],"yoast_head":"<!-- This site is optimized with the Yoast SEO plugin v22.8 - https:\/\/yoast.com\/wordpress\/plugins\/seo\/ -->\n<title>PRODUCCI\u00d3N MUSICAL Y ESTUDIO DE GRABACI\u00d3N - JaKe X<\/title>\n<meta name=\"description\" content=\"Trabaja en tu producci\u00f3n musical con JaKe X, aprende todos los detalles sobre el estudio de grabaci\u00f3n en Barcelona y los trabajos previos.\" \/>\n<meta name=\"robots\" content=\"index, follow, max-snippet:-1, max-image-preview:large, max-video-preview:-1\" \/>\n<link rel=\"canonical\" href=\"http:\/\/www.jakexmusic.com\/es\/produccion-musical\/\" \/>\n<script type=\"application\/ld+json\" class=\"yoast-schema-graph\">{\"@context\":\"https:\/\/schema.org\",\"@graph\":[]}<\/script>\n<!-- \/ Yoast SEO plugin. -->","yoast_head_json":{"title":"PRODUCCI\u00d3N MUSICAL Y ESTUDIO DE GRABACI\u00d3N - JaKe X","description":"Trabaja en tu producci\u00f3n musical con JaKe X, aprende todos los detalles sobre el estudio de grabaci\u00f3n en Barcelona y los trabajos previos.","robots":{"index":"index","follow":"follow","max-snippet":"max-snippet:-1","max-image-preview":"max-image-preview:large","max-video-preview":"max-video-preview:-1"},"canonical":"http:\/\/www.jakexmusic.com\/es\/produccion-musical\/","schema":{"@context":"https:\/\/schema.org","@graph":[]}},"_links":{"self":[{"href":"http:\/\/www.jakexmusic.com\/es\/wp-json\/wp\/v2\/pages\/3634","targetHints":{"allow":["GET"]}}],"collection":[{"href":"http:\/\/www.jakexmusic.com\/es\/wp-json\/wp\/v2\/pages"}],"about":[{"href":"http:\/\/www.jakexmusic.com\/es\/wp-json\/wp\/v2\/types\/page"}],"author":[{"embeddable":true,"href":"http:\/\/www.jakexmusic.com\/es\/wp-json\/wp\/v2\/users\/1"}],"replies":[{"embeddable":true,"href":"http:\/\/www.jakexmusic.com\/es\/wp-json\/wp\/v2\/comments?post=3634"}],"version-history":[{"count":42,"href":"http:\/\/www.jakexmusic.com\/es\/wp-json\/wp\/v2\/pages\/3634\/revisions"}],"predecessor-version":[{"id":5752,"href":"http:\/\/www.jakexmusic.com\/es\/wp-json\/wp\/v2\/pages\/3634\/revisions\/5752"}],"wp:attachment":[{"href":"http:\/\/www.jakexmusic.com\/es\/wp-json\/wp\/v2\/media?parent=3634"}],"curies":[{"name":"wp","href":"https:\/\/api.w.org\/{rel}","templated":true}]}}